{"id":709,"date":"2019-12-02T08:40:26","date_gmt":"2019-12-02T07:40:26","guid":{"rendered":"http:\/\/mathplus.tourmu.fr\/?page_id=709"},"modified":"2025-10-07T23:51:07","modified_gmt":"2025-10-07T21:51:07","slug":"fiches-de-groupe","status":"publish","type":"page","link":"https:\/\/mathplus.tourmu.fr\/?page_id=709","title":{"rendered":"Fiches de groupe 2nde 16"},"content":{"rendered":"\n<div data-wp-interactive=\"core\/file\" class=\"wp-block-file\"><object data-wp-bind--hidden=\"!state.hasPdfPreview\" hidden class=\"wp-block-file__embed\" data=\"https:\/\/mathplus.tourmu.fr\/wp-content\/uploads\/2025\/10\/S1_F4-Inequations-du-1er-degre-1.pdf\" type=\"application\/pdf\" style=\"width:100%;height:200px\" aria-label=\"Contenu embarqu\u00e9 S1F4 In\u00e9quations du 1er degr\u00e9.\"><\/object><a id=\"wp-block-file--media-39bb8263-9d39-421b-97f5-735308a35c0e\" href=\"https:\/\/mathplus.tourmu.fr\/wp-content\/uploads\/2025\/10\/S1_F4-Inequations-du-1er-degre-1.pdf\">S1F4 In\u00e9quations du 1er degr\u00e9<\/a><a href=\"https:\/\/mathplus.tourmu.fr\/wp-content\/uploads\/2025\/10\/S1_F4-Inequations-du-1er-degre-1.pdf\" class=\"wp-block-file__button wp-element-button\" download aria-describedby=\"wp-block-file--media-39bb8263-9d39-421b-97f5-735308a35c0e\">T\u00e9l\u00e9charger<\/a><\/div>\n\n\n\n<div data-wp-interactive=\"core\/file\" class=\"wp-block-file\"><object data-wp-bind--hidden=\"!state.hasPdfPreview\" hidden class=\"wp-block-file__embed\" data=\"https:\/\/mathplus.tourmu.fr\/wp-content\/uploads\/2025\/09\/S1_F3_Equations-simples-2.pdf\" type=\"application\/pdf\" style=\"width:100%;height:200px\" aria-label=\"Contenu embarqu\u00e9 S1F3 Equations simples.\"><\/object><a id=\"wp-block-file--media-1ec68c3b-6519-4bb4-9afd-728eb5f25fa6\" href=\"https:\/\/mathplus.tourmu.fr\/wp-content\/uploads\/2025\/09\/S1_F3_Equations-simples-2.pdf\">S1F3 Equations simples<\/a><a href=\"https:\/\/mathplus.tourmu.fr\/wp-content\/uploads\/2025\/09\/S1_F3_Equations-simples-2.pdf\" class=\"wp-block-file__button wp-element-button\" download aria-describedby=\"wp-block-file--media-1ec68c3b-6519-4bb4-9afd-728eb5f25fa6\">T\u00e9l\u00e9charger<\/a><\/div>\n\n\n\n<div data-wp-interactive=\"core\/file\" class=\"wp-block-file\"><object data-wp-bind--hidden=\"!state.hasPdfPreview\" hidden class=\"wp-block-file__embed\" data=\"https:\/\/mathplus.tourmu.fr\/wp-content\/uploads\/2025\/09\/S1_F2_Produits-et-quotients-de-fractions-1.pdf\" type=\"application\/pdf\" style=\"width:100%;height:220px\" aria-label=\"Contenu embarqu\u00e9 S1_F2_Produits et quotients de fractions.\"><\/object><a id=\"wp-block-file--media-de17ac3c-317b-4d6c-bda0-2eeba5179a4b\" href=\"https:\/\/mathplus.tourmu.fr\/wp-content\/uploads\/2025\/09\/S1_F2_Produits-et-quotients-de-fractions-1.pdf\">S1_F2_Produits et quotients de fractions<\/a><a href=\"https:\/\/mathplus.tourmu.fr\/wp-content\/uploads\/2025\/09\/S1_F2_Produits-et-quotients-de-fractions-1.pdf\" class=\"wp-block-file__button wp-element-button\" download aria-describedby=\"wp-block-file--media-de17ac3c-317b-4d6c-bda0-2eeba5179a4b\">T\u00e9l\u00e9charger<\/a><\/div>\n\n\n\n<div data-wp-interactive=\"core\/file\" class=\"wp-block-file\"><object data-wp-bind--hidden=\"!state.hasPdfPreview\" hidden class=\"wp-block-file__embed\" data=\"https:\/\/mathplus.tourmu.fr\/wp-content\/uploads\/2025\/09\/S1_F1_Nombres-relatifs-Sommes-et-differences-de-fractions-4.pdf\" type=\"application\/pdf\" style=\"width:100%;height:200px\" aria-label=\"Contenu embarqu\u00e9 S1_F1_Nombres relatifs Sommes et differences de fractions.\"><\/object><a id=\"wp-block-file--media-ac60446b-e200-4130-8184-1c12453a7b10\" href=\"https:\/\/mathplus.tourmu.fr\/wp-content\/uploads\/2025\/09\/S1_F1_Nombres-relatifs-Sommes-et-differences-de-fractions-4.pdf\">S1_F1_Nombres relatifs Sommes et differences de fractions<\/a><a href=\"https:\/\/mathplus.tourmu.fr\/wp-content\/uploads\/2025\/09\/S1_F1_Nombres-relatifs-Sommes-et-differences-de-fractions-4.pdf\" class=\"wp-block-file__button wp-element-button\" download aria-describedby=\"wp-block-file--media-ac60446b-e200-4130-8184-1c12453a7b10\">T\u00e9l\u00e9charger<\/a><\/div>\n","protected":false},"excerpt":{"rendered":"","protected":false},"author":1,"featured_media":0,"parent":309,"menu_order":0,"comment_status":"closed","ping_status":"closed","template":"","meta":{"footnotes":""},"class_list":["post-709","page","type-page","status-publish","hentry"],"_links":{"self":[{"href":"https:\/\/mathplus.tourmu.fr\/index.php?rest_route=\/wp\/v2\/pages\/709","targetHints":{"allow":["GET"]}}],"collection":[{"href":"https:\/\/mathplus.tourmu.fr\/index.php?rest_route=\/wp\/v2\/pages"}],"about":[{"href":"https:\/\/mathplus.tourmu.fr\/index.php?rest_route=\/wp\/v2\/types\/page"}],"author":[{"embeddable":true,"href":"https:\/\/mathplus.tourmu.fr\/index.php?rest_route=\/wp\/v2\/users\/1"}],"replies":[{"embeddable":true,"href":"https:\/\/mathplus.tourmu.fr\/index.php?rest_route=%2Fwp%2Fv2%2Fcomments&post=709"}],"version-history":[{"count":71,"href":"https:\/\/mathplus.tourmu.fr\/index.php?rest_route=\/wp\/v2\/pages\/709\/revisions"}],"predecessor-version":[{"id":5098,"href":"https:\/\/mathplus.tourmu.fr\/index.php?rest_route=\/wp\/v2\/pages\/709\/revisions\/5098"}],"up":[{"embeddable":true,"href":"https:\/\/mathplus.tourmu.fr\/index.php?rest_route=\/wp\/v2\/pages\/309"}],"wp:attachment":[{"href":"https:\/\/mathplus.tourmu.fr\/index.php?rest_route=%2Fwp%2Fv2%2Fmedia&parent=709"}],"curies":[{"name":"wp","href":"https:\/\/api.w.org\/{rel}","templated":true}]}}