{"id":371,"date":"2019-09-11T17:23:37","date_gmt":"2019-09-11T15:23:37","guid":{"rendered":"http:\/\/mathplus.tourmu.fr\/?page_id=371"},"modified":"2026-02-03T20:17:23","modified_gmt":"2026-02-03T19:17:23","slug":"ds-1stmg","status":"publish","type":"page","link":"https:\/\/mathplus.tourmu.fr\/?page_id=371","title":{"rendered":"DS 1STMG 3"},"content":{"rendered":"\n<div data-wp-interactive=\"core\/file\" class=\"wp-block-file\"><object data-wp-bind--hidden=\"!state.hasPdfPreview\" hidden class=\"wp-block-file__embed\" data=\"https:\/\/mathplus.tourmu.fr\/wp-content\/uploads\/2026\/02\/DS-Les-suites-arith-et-geo-19-janvier-2026-correction.pdf\" type=\"application\/pdf\" style=\"width:100%;height:200px\" aria-label=\"Contenu embarqu\u00e9 DS5 Les suites arithm\u00e9tiques et g\u00e9om\u00e9triques 19 janvier 2026 + correction.\"><\/object><a id=\"wp-block-file--media-eab8d42a-8392-4c4b-b083-19d57ce8ec49\" href=\"https:\/\/mathplus.tourmu.fr\/wp-content\/uploads\/2026\/02\/DS-Les-suites-arith-et-geo-19-janvier-2026-correction.pdf\">DS5 Les suites arithm\u00e9tiques et g\u00e9om\u00e9triques 19 janvier 2026 + correction<\/a><a href=\"https:\/\/mathplus.tourmu.fr\/wp-content\/uploads\/2026\/02\/DS-Les-suites-arith-et-geo-19-janvier-2026-correction.pdf\" class=\"wp-block-file__button wp-element-button\" download aria-describedby=\"wp-block-file--media-eab8d42a-8392-4c4b-b083-19d57ce8ec49\">T\u00e9l\u00e9charger<\/a><\/div>\n\n\n\n<div data-wp-interactive=\"core\/file\" class=\"wp-block-file\"><object data-wp-bind--hidden=\"!state.hasPdfPreview\" hidden class=\"wp-block-file__embed\" data=\"https:\/\/mathplus.tourmu.fr\/wp-content\/uploads\/2025\/10\/DS2-13-octobre-2025-corrige.pdf\" type=\"application\/pdf\" style=\"width:100%;height:200px\" aria-label=\"Contenu embarqu\u00e9 DS2 Suites 13 octobre 2025 + corrig\u00e9.\"><\/object><a id=\"wp-block-file--media-29dd6648-40ad-4427-b128-856d561cadfd\" href=\"https:\/\/mathplus.tourmu.fr\/wp-content\/uploads\/2025\/10\/DS2-13-octobre-2025-corrige.pdf\">DS2 Suites 13 octobre 2025 + corrig\u00e9<\/a><a href=\"https:\/\/mathplus.tourmu.fr\/wp-content\/uploads\/2025\/10\/DS2-13-octobre-2025-corrige.pdf\" class=\"wp-block-file__button wp-element-button\" download aria-describedby=\"wp-block-file--media-29dd6648-40ad-4427-b128-856d561cadfd\">T\u00e9l\u00e9charger<\/a><\/div>\n\n\n\n<div data-wp-interactive=\"core\/file\" class=\"wp-block-file\"><object data-wp-bind--hidden=\"!state.hasPdfPreview\" hidden class=\"wp-block-file__embed\" data=\"https:\/\/mathplus.tourmu.fr\/wp-content\/uploads\/2025\/10\/DS1_Suites_29-septembre-2025.pdf\" type=\"application\/pdf\" style=\"width:100%;height:200px\" aria-label=\"Contenu embarqu\u00e9 DS1 Suites 29 septembre 2025 + corrig\u00e9.\"><\/object><a id=\"wp-block-file--media-2db7c551-c839-4cbd-8584-fd3d0925df35\" href=\"https:\/\/mathplus.tourmu.fr\/wp-content\/uploads\/2025\/10\/DS1_Suites_29-septembre-2025.pdf\">DS1 Suites 29 septembre 2025 + corrig\u00e9<\/a><a href=\"https:\/\/mathplus.tourmu.fr\/wp-content\/uploads\/2025\/10\/DS1_Suites_29-septembre-2025.pdf\" class=\"wp-block-file__button wp-element-button\" download aria-describedby=\"wp-block-file--media-2db7c551-c839-4cbd-8584-fd3d0925df35\">T\u00e9l\u00e9charger<\/a><\/div>\n","protected":false},"excerpt":{"rendered":"","protected":false},"author":1,"featured_media":0,"parent":369,"menu_order":0,"comment_status":"closed","ping_status":"closed","template":"","meta":{"footnotes":""},"class_list":["post-371","page","type-page","status-publish","hentry"],"_links":{"self":[{"href":"https:\/\/mathplus.tourmu.fr\/index.php?rest_route=\/wp\/v2\/pages\/371","targetHints":{"allow":["GET"]}}],"collection":[{"href":"https:\/\/mathplus.tourmu.fr\/index.php?rest_route=\/wp\/v2\/pages"}],"about":[{"href":"https:\/\/mathplus.tourmu.fr\/index.php?rest_route=\/wp\/v2\/types\/page"}],"author":[{"embeddable":true,"href":"https:\/\/mathplus.tourmu.fr\/index.php?rest_route=\/wp\/v2\/users\/1"}],"replies":[{"embeddable":true,"href":"https:\/\/mathplus.tourmu.fr\/index.php?rest_route=%2Fwp%2Fv2%2Fcomments&post=371"}],"version-history":[{"count":35,"href":"https:\/\/mathplus.tourmu.fr\/index.php?rest_route=\/wp\/v2\/pages\/371\/revisions"}],"predecessor-version":[{"id":5389,"href":"https:\/\/mathplus.tourmu.fr\/index.php?rest_route=\/wp\/v2\/pages\/371\/revisions\/5389"}],"up":[{"embeddable":true,"href":"https:\/\/mathplus.tourmu.fr\/index.php?rest_route=\/wp\/v2\/pages\/369"}],"wp:attachment":[{"href":"https:\/\/mathplus.tourmu.fr\/index.php?rest_route=%2Fwp%2Fv2%2Fmedia&parent=371"}],"curies":[{"name":"wp","href":"https:\/\/api.w.org\/{rel}","templated":true}]}}