{"id":3670,"date":"2023-11-18T08:20:30","date_gmt":"2023-11-18T07:20:30","guid":{"rendered":"http:\/\/mathplus.tourmu.fr\/?page_id=3670"},"modified":"2026-03-17T19:04:13","modified_gmt":"2026-03-17T18:04:13","slug":"fiches-de-revisions-1stmg","status":"publish","type":"page","link":"https:\/\/mathplus.tourmu.fr\/?page_id=3670","title":{"rendered":"Fiches de r\u00e9visions 1STMG 3"},"content":{"rendered":"\n<div data-wp-interactive=\"core\/file\" class=\"wp-block-file\"><object data-wp-bind--hidden=\"!state.hasPdfPreview\" hidden class=\"wp-block-file__embed\" data=\"https:\/\/mathplus.tourmu.fr\/wp-content\/uploads\/2026\/03\/Fiche-de-revisions-2-pour-DS-du-19-mars-2026.pdf\" type=\"application\/pdf\" style=\"width:100%;height:200px\" aria-label=\"Contenu embarqu\u00e9 Fiche de revisions 2 pour DS du 19 mars 2026.\"><\/object><a id=\"wp-block-file--media-e1f4bcb2-ed74-4e27-89a4-086b32b7b186\" href=\"https:\/\/mathplus.tourmu.fr\/wp-content\/uploads\/2026\/03\/Fiche-de-revisions-2-pour-DS-du-19-mars-2026.pdf\">Fiche de revisions 2 pour DS du 19 mars 2026<\/a><a href=\"https:\/\/mathplus.tourmu.fr\/wp-content\/uploads\/2026\/03\/Fiche-de-revisions-2-pour-DS-du-19-mars-2026.pdf\" class=\"wp-block-file__button wp-element-button\" download aria-describedby=\"wp-block-file--media-e1f4bcb2-ed74-4e27-89a4-086b32b7b186\">T\u00e9l\u00e9charger<\/a><\/div>\n\n\n\n<div data-wp-interactive=\"core\/file\" class=\"wp-block-file\"><object data-wp-bind--hidden=\"!state.hasPdfPreview\" hidden class=\"wp-block-file__embed\" data=\"https:\/\/mathplus.tourmu.fr\/wp-content\/uploads\/2026\/03\/Fiche-dexercices-de-revisions-1-pour-le-DS-du-19-mars-2026.pdf\" type=\"application\/pdf\" style=\"width:100%;height:200px\" aria-label=\"Contenu embarqu\u00e9 Fiche d&apos;exercices de r\u00e9visions 1 pour le DS du 19 mars 2026.\"><\/object><a id=\"wp-block-file--media-679fbbe0-2e0a-4c07-b4da-b45d60ba5821\" href=\"https:\/\/mathplus.tourmu.fr\/wp-content\/uploads\/2026\/03\/Fiche-dexercices-de-revisions-1-pour-le-DS-du-19-mars-2026.pdf\">Fiche d&rsquo;exercices de r\u00e9visions 1 pour le DS du 19 mars 2026<\/a><a href=\"https:\/\/mathplus.tourmu.fr\/wp-content\/uploads\/2026\/03\/Fiche-dexercices-de-revisions-1-pour-le-DS-du-19-mars-2026.pdf\" class=\"wp-block-file__button wp-element-button\" download aria-describedby=\"wp-block-file--media-679fbbe0-2e0a-4c07-b4da-b45d60ba5821\">T\u00e9l\u00e9charger<\/a><\/div>\n\n\n\n<div data-wp-interactive=\"core\/file\" class=\"wp-block-file\"><object data-wp-bind--hidden=\"!state.hasPdfPreview\" hidden class=\"wp-block-file__embed\" data=\"https:\/\/mathplus.tourmu.fr\/wp-content\/uploads\/2026\/01\/sujet0-1techno-2_0-corrige.pdf\" type=\"application\/pdf\" style=\"width:100%;height:200px\" aria-label=\"Contenu embarqu\u00e9 R\u00e9vision pour le Bac Blanc sujet 2 corrig\u00e9.\"><\/object><a id=\"wp-block-file--media-0eb061a2-517f-4e47-a2b8-c4c7385d456a\" href=\"https:\/\/mathplus.tourmu.fr\/wp-content\/uploads\/2026\/01\/sujet0-1techno-2_0-corrige.pdf\">R\u00e9vision pour le Bac Blanc sujet 2 corrig\u00e9<\/a><a href=\"https:\/\/mathplus.tourmu.fr\/wp-content\/uploads\/2026\/01\/sujet0-1techno-2_0-corrige.pdf\" class=\"wp-block-file__button wp-element-button\" download aria-describedby=\"wp-block-file--media-0eb061a2-517f-4e47-a2b8-c4c7385d456a\">T\u00e9l\u00e9charger<\/a><\/div>\n\n\n\n<div data-wp-interactive=\"core\/file\" class=\"wp-block-file\"><object data-wp-bind--hidden=\"!state.hasPdfPreview\" hidden class=\"wp-block-file__embed\" data=\"https:\/\/mathplus.tourmu.fr\/wp-content\/uploads\/2026\/01\/sujet0-1techno-2_0.pdf\" type=\"application\/pdf\" style=\"width:100%;height:200px\" aria-label=\"Contenu embarqu\u00e9 R\u00e9vision pour le Bac Blanc sujet 2.\"><\/object><a id=\"wp-block-file--media-9c355413-8c8f-4a65-b135-29cfa5ae0052\" href=\"https:\/\/mathplus.tourmu.fr\/wp-content\/uploads\/2026\/01\/sujet0-1techno-2_0.pdf\">R\u00e9vision pour le Bac Blanc sujet 2<\/a><a href=\"https:\/\/mathplus.tourmu.fr\/wp-content\/uploads\/2026\/01\/sujet0-1techno-2_0.pdf\" class=\"wp-block-file__button wp-element-button\" download aria-describedby=\"wp-block-file--media-9c355413-8c8f-4a65-b135-29cfa5ae0052\">T\u00e9l\u00e9charger<\/a><\/div>\n\n\n\n<div data-wp-interactive=\"core\/file\" class=\"wp-block-file\"><object data-wp-bind--hidden=\"!state.hasPdfPreview\" hidden class=\"wp-block-file__embed\" data=\"https:\/\/mathplus.tourmu.fr\/wp-content\/uploads\/2026\/01\/sujet0-1specifique-1_0-corrige.pdf\" type=\"application\/pdf\" style=\"width:100%;height:200px\" aria-label=\"Contenu embarqu\u00e9 R\u00e9vision pour le Bac Blanc sujet 1 corrig\u00e9.\"><\/object><a id=\"wp-block-file--media-3e6348c8-9ad8-4ed0-b3ba-150f009c90a7\" href=\"https:\/\/mathplus.tourmu.fr\/wp-content\/uploads\/2026\/01\/sujet0-1specifique-1_0-corrige.pdf\">R\u00e9vision pour le Bac Blanc sujet 1 corrig\u00e9<\/a><a href=\"https:\/\/mathplus.tourmu.fr\/wp-content\/uploads\/2026\/01\/sujet0-1specifique-1_0-corrige.pdf\" class=\"wp-block-file__button wp-element-button\" download aria-describedby=\"wp-block-file--media-3e6348c8-9ad8-4ed0-b3ba-150f009c90a7\">T\u00e9l\u00e9charger<\/a><\/div>\n\n\n\n<div data-wp-interactive=\"core\/file\" class=\"wp-block-file\"><object data-wp-bind--hidden=\"!state.hasPdfPreview\" hidden class=\"wp-block-file__embed\" data=\"https:\/\/mathplus.tourmu.fr\/wp-content\/uploads\/2026\/01\/sujet0-1techno-1_0.pdf\" type=\"application\/pdf\" style=\"width:100%;height:200px\" aria-label=\"Contenu embarqu\u00e9 R\u00e9vision pour le Bac Blanc sujet 1.\"><\/object><a id=\"wp-block-file--media-fde79028-0ace-420d-b2cb-35ba7218f200\" href=\"https:\/\/mathplus.tourmu.fr\/wp-content\/uploads\/2026\/01\/sujet0-1techno-1_0.pdf\">R\u00e9vision pour le Bac Blanc sujet 1<\/a><a href=\"https:\/\/mathplus.tourmu.fr\/wp-content\/uploads\/2026\/01\/sujet0-1techno-1_0.pdf\" class=\"wp-block-file__button wp-element-button\" download aria-describedby=\"wp-block-file--media-fde79028-0ace-420d-b2cb-35ba7218f200\">T\u00e9l\u00e9charger<\/a><\/div>\n\n\n\n<div data-wp-interactive=\"core\/file\" class=\"wp-block-file\"><object data-wp-bind--hidden=\"!state.hasPdfPreview\" hidden class=\"wp-block-file__embed\" data=\"https:\/\/mathplus.tourmu.fr\/wp-content\/uploads\/2026\/01\/Fiche-de-revisions-sur-les-suites-arithmetiques-et-geometriques.pdf\" type=\"application\/pdf\" style=\"width:100%;height:200px\" aria-label=\"Contenu embarqu\u00e9 Fiche de r\u00e9visions sur les suites arithm\u00e9tiques et g\u00e9om\u00e9triques corrig\u00e9e.\"><\/object><a id=\"wp-block-file--media-d25030e7-a6bd-40eb-b32c-5d6d0d0deeca\" href=\"https:\/\/mathplus.tourmu.fr\/wp-content\/uploads\/2026\/01\/Fiche-de-revisions-sur-les-suites-arithmetiques-et-geometriques.pdf\">Fiche de r\u00e9visions sur les suites arithm\u00e9tiques et g\u00e9om\u00e9triques corrig\u00e9e<\/a><a href=\"https:\/\/mathplus.tourmu.fr\/wp-content\/uploads\/2026\/01\/Fiche-de-revisions-sur-les-suites-arithmetiques-et-geometriques.pdf\" class=\"wp-block-file__button wp-element-button\" download aria-describedby=\"wp-block-file--media-d25030e7-a6bd-40eb-b32c-5d6d0d0deeca\">T\u00e9l\u00e9charger<\/a><\/div>\n\n\n\n<div data-wp-interactive=\"core\/file\" class=\"wp-block-file\"><object data-wp-bind--hidden=\"!state.hasPdfPreview\" hidden class=\"wp-block-file__embed\" data=\"https:\/\/mathplus.tourmu.fr\/wp-content\/uploads\/2025\/12\/Fiche-de-revisions-DS-de-lundi-15-decembre-2025.pdf\" type=\"application\/pdf\" style=\"width:100%;height:200px\" aria-label=\"Contenu embarqu\u00e9 Fiche de r\u00e9visions DS de lundi 15 d\u00e9cembre 2025.\"><\/object><a id=\"wp-block-file--media-2894ba07-d863-429c-a468-9c17e170eaf7\" href=\"https:\/\/mathplus.tourmu.fr\/wp-content\/uploads\/2025\/12\/Fiche-de-revisions-DS-de-lundi-15-decembre-2025.pdf\">Fiche de r\u00e9visions DS de lundi 15 d\u00e9cembre 2025<\/a><a href=\"https:\/\/mathplus.tourmu.fr\/wp-content\/uploads\/2025\/12\/Fiche-de-revisions-DS-de-lundi-15-decembre-2025.pdf\" class=\"wp-block-file__button wp-element-button\" download aria-describedby=\"wp-block-file--media-2894ba07-d863-429c-a468-9c17e170eaf7\">T\u00e9l\u00e9charger<\/a><\/div>\n\n\n\n<div data-wp-interactive=\"core\/file\" class=\"wp-block-file\"><object data-wp-bind--hidden=\"!state.hasPdfPreview\" hidden class=\"wp-block-file__embed\" data=\"https:\/\/mathplus.tourmu.fr\/wp-content\/uploads\/2025\/11\/Revisions-Fonctions-affines.pdf\" type=\"application\/pdf\" style=\"width:100%;height:200px\" aria-label=\"Contenu embarqu\u00e9 R\u00e9visions  pour le DS du 20 novembre 2025 &lt;br&gt;Fiche sur les fonctions affines.\"><\/object><a id=\"wp-block-file--media-d1c864a1-1250-41b0-a7d6-b3b15334ca4d\" href=\"https:\/\/mathplus.tourmu.fr\/wp-content\/uploads\/2025\/11\/Revisions-Fonctions-affines.pdf\">R\u00e9visions  pour le DS du 20 novembre 2025 <br>Fiche sur les fonctions affines<\/a><a href=\"https:\/\/mathplus.tourmu.fr\/wp-content\/uploads\/2025\/11\/Revisions-Fonctions-affines.pdf\" class=\"wp-block-file__button wp-element-button\" download aria-describedby=\"wp-block-file--media-d1c864a1-1250-41b0-a7d6-b3b15334ca4d\">T\u00e9l\u00e9charger<\/a><\/div>\n\n\n\n<div data-wp-interactive=\"core\/file\" class=\"wp-block-file\"><object data-wp-bind--hidden=\"!state.hasPdfPreview\" hidden class=\"wp-block-file__embed\" data=\"https:\/\/mathplus.tourmu.fr\/wp-content\/uploads\/2025\/11\/1STMG_DS2_Fct_2223-enonce-et-corrige.pdf\" type=\"application\/pdf\" style=\"width:100%;height:200px\" aria-label=\"Contenu embarqu\u00e9 Pour r\u00e9viser pour le DS du 20 novembre 2025  &lt;br&gt;le DS de novembre 2022.\"><\/object><a id=\"wp-block-file--media-b24dec62-981a-46e6-be6e-cf48e693de2b\" href=\"https:\/\/mathplus.tourmu.fr\/wp-content\/uploads\/2025\/11\/1STMG_DS2_Fct_2223-enonce-et-corrige.pdf\">Pour r\u00e9viser pour le DS du 20 novembre 2025  <br>le DS de novembre 2022<\/a><a href=\"https:\/\/mathplus.tourmu.fr\/wp-content\/uploads\/2025\/11\/1STMG_DS2_Fct_2223-enonce-et-corrige.pdf\" class=\"wp-block-file__button wp-element-button\" download aria-describedby=\"wp-block-file--media-b24dec62-981a-46e6-be6e-cf48e693de2b\">T\u00e9l\u00e9charger<\/a><\/div>\n","protected":false},"excerpt":{"rendered":"","protected":false},"author":1,"featured_media":0,"parent":379,"menu_order":3,"comment_status":"closed","ping_status":"closed","template":"","meta":{"footnotes":""},"class_list":["post-3670","page","type-page","status-publish","hentry"],"_links":{"self":[{"href":"https:\/\/mathplus.tourmu.fr\/index.php?rest_route=\/wp\/v2\/pages\/3670","targetHints":{"allow":["GET"]}}],"collection":[{"href":"https:\/\/mathplus.tourmu.fr\/index.php?rest_route=\/wp\/v2\/pages"}],"about":[{"href":"https:\/\/mathplus.tourmu.fr\/index.php?rest_route=\/wp\/v2\/types\/page"}],"author":[{"embeddable":true,"href":"https:\/\/mathplus.tourmu.fr\/index.php?rest_route=\/wp\/v2\/users\/1"}],"replies":[{"embeddable":true,"href":"https:\/\/mathplus.tourmu.fr\/index.php?rest_route=%2Fwp%2Fv2%2Fcomments&post=3670"}],"version-history":[{"count":24,"href":"https:\/\/mathplus.tourmu.fr\/index.php?rest_route=\/wp\/v2\/pages\/3670\/revisions"}],"predecessor-version":[{"id":5454,"href":"https:\/\/mathplus.tourmu.fr\/index.php?rest_route=\/wp\/v2\/pages\/3670\/revisions\/5454"}],"up":[{"embeddable":true,"href":"https:\/\/mathplus.tourmu.fr\/index.php?rest_route=\/wp\/v2\/pages\/379"}],"wp:attachment":[{"href":"https:\/\/mathplus.tourmu.fr\/index.php?rest_route=%2Fwp%2Fv2%2Fmedia&parent=3670"}],"curies":[{"name":"wp","href":"https:\/\/api.w.org\/{rel}","templated":true}]}}