{"id":367,"date":"2019-09-11T17:22:43","date_gmt":"2019-09-11T15:22:43","guid":{"rendered":"http:\/\/mathplus.tourmu.fr\/?page_id=367"},"modified":"2026-04-23T15:47:03","modified_gmt":"2026-04-23T13:47:03","slug":"cours-1stmg","status":"publish","type":"page","link":"https:\/\/mathplus.tourmu.fr\/?page_id=367","title":{"rendered":"Cours 1STMG 3"},"content":{"rendered":"\n<div data-wp-interactive=\"core\/file\" class=\"wp-block-file\"><object data-wp-bind--hidden=\"!state.hasPdfPreview\" hidden class=\"wp-block-file__embed\" data=\"https:\/\/mathplus.tourmu.fr\/wp-content\/uploads\/2026\/04\/Ch7_Variables_aleatoires_prof.pdf\" type=\"application\/pdf\" style=\"width:100%;height:200px\" aria-label=\"Contenu embarqu\u00e9 Ch7 Variables al\u00e9atoires cours compl\u00e9t\u00e9.\"><\/object><a id=\"wp-block-file--media-d550036c-1858-43d6-a099-38dfdad8a4c1\" href=\"https:\/\/mathplus.tourmu.fr\/wp-content\/uploads\/2026\/04\/Ch7_Variables_aleatoires_prof.pdf\">Ch7 Variables al\u00e9atoires cours compl\u00e9t\u00e9<\/a><a href=\"https:\/\/mathplus.tourmu.fr\/wp-content\/uploads\/2026\/04\/Ch7_Variables_aleatoires_prof.pdf\" class=\"wp-block-file__button wp-element-button\" download aria-describedby=\"wp-block-file--media-d550036c-1858-43d6-a099-38dfdad8a4c1\">T\u00e9l\u00e9charger<\/a><\/div>\n\n\n\n<div data-wp-interactive=\"core\/file\" class=\"wp-block-file\"><object data-wp-bind--hidden=\"!state.hasPdfPreview\" hidden class=\"wp-block-file__embed\" data=\"https:\/\/mathplus.tourmu.fr\/wp-content\/uploads\/2026\/04\/Ch7_Variables_aleatoires_eleve.pdf\" type=\"application\/pdf\" style=\"width:100%;height:200px\" aria-label=\"Contenu embarqu\u00e9 Ch7 Variables al\u00e9atoires cours \u00e9l\u00e8ve.\"><\/object><a id=\"wp-block-file--media-e22cc17e-c3c3-4f54-8b49-c12b16e09b26\" href=\"https:\/\/mathplus.tourmu.fr\/wp-content\/uploads\/2026\/04\/Ch7_Variables_aleatoires_eleve.pdf\">Ch7 Variables al\u00e9atoires cours \u00e9l\u00e8ve<\/a><a href=\"https:\/\/mathplus.tourmu.fr\/wp-content\/uploads\/2026\/04\/Ch7_Variables_aleatoires_eleve.pdf\" class=\"wp-block-file__button wp-element-button\" download aria-describedby=\"wp-block-file--media-e22cc17e-c3c3-4f54-8b49-c12b16e09b26\">T\u00e9l\u00e9charger<\/a><\/div>\n\n\n\n<div data-wp-interactive=\"core\/file\" class=\"wp-block-file\"><object data-wp-bind--hidden=\"!state.hasPdfPreview\" hidden class=\"wp-block-file__embed\" data=\"https:\/\/mathplus.tourmu.fr\/wp-content\/uploads\/2026\/03\/1_Ch4_Second-degre_prof.pdf\" type=\"application\/pdf\" style=\"width:100%;height:200px\" aria-label=\"Contenu embarqu\u00e9 Ch5 Fonctions polyn\u00f4mes de degr\u00e9 2 cours compl\u00e9t\u00e9.\"><\/object><a id=\"wp-block-file--media-99d0eaed-8afc-435e-b258-9552f34f0891\" href=\"https:\/\/mathplus.tourmu.fr\/wp-content\/uploads\/2026\/03\/1_Ch4_Second-degre_prof.pdf\">Ch5 Fonctions polyn\u00f4mes de degr\u00e9 2 cours compl\u00e9t\u00e9<\/a><a href=\"https:\/\/mathplus.tourmu.fr\/wp-content\/uploads\/2026\/03\/1_Ch4_Second-degre_prof.pdf\" class=\"wp-block-file__button wp-element-button\" download aria-describedby=\"wp-block-file--media-99d0eaed-8afc-435e-b258-9552f34f0891\">T\u00e9l\u00e9charger<\/a><\/div>\n\n\n\n<div data-wp-interactive=\"core\/file\" class=\"wp-block-file\"><object data-wp-bind--hidden=\"!state.hasPdfPreview\" hidden class=\"wp-block-file__embed\" data=\"https:\/\/mathplus.tourmu.fr\/wp-content\/uploads\/2026\/02\/1_Ch4_Second-degre_eleve.pdf\" type=\"application\/pdf\" style=\"width:100%;height:200px\" aria-label=\"Contenu embarqu\u00e9 Ch5 Fonctions polyn\u00f4mes de degr\u00e9 2 cours \u00e9l\u00e8ve.\"><\/object><a id=\"wp-block-file--media-0101fcb8-b471-4b18-a81e-9bcb0bcb992e\" href=\"https:\/\/mathplus.tourmu.fr\/wp-content\/uploads\/2026\/02\/1_Ch4_Second-degre_eleve.pdf\">Ch5 Fonctions polyn\u00f4mes de degr\u00e9 2 cours \u00e9l\u00e8ve<\/a><a href=\"https:\/\/mathplus.tourmu.fr\/wp-content\/uploads\/2026\/02\/1_Ch4_Second-degre_eleve.pdf\" class=\"wp-block-file__button wp-element-button\" download aria-describedby=\"wp-block-file--media-0101fcb8-b471-4b18-a81e-9bcb0bcb992e\">T\u00e9l\u00e9charger<\/a><\/div>\n\n\n\n<div data-wp-interactive=\"core\/file\" class=\"wp-block-file\"><object data-wp-bind--hidden=\"!state.hasPdfPreview\" hidden class=\"wp-block-file__embed\" data=\"https:\/\/mathplus.tourmu.fr\/wp-content\/uploads\/2026\/01\/1_Ch5_Suites_arith_et_geo_prof.pdf\" type=\"application\/pdf\" style=\"width:100%;height:200px\" aria-label=\"Contenu embarqu\u00e9 Ch4 Suites arithm\u00e9tiques et g\u00e9om\u00e9triques cours compl\u00e9t\u00e9.\"><\/object><a id=\"wp-block-file--media-f7e4e7ca-1092-4982-aaca-8869135d96be\" href=\"https:\/\/mathplus.tourmu.fr\/wp-content\/uploads\/2026\/01\/1_Ch5_Suites_arith_et_geo_prof.pdf\">Ch4 Suites arithm\u00e9tiques et g\u00e9om\u00e9triques cours compl\u00e9t\u00e9<\/a><a href=\"https:\/\/mathplus.tourmu.fr\/wp-content\/uploads\/2026\/01\/1_Ch5_Suites_arith_et_geo_prof.pdf\" class=\"wp-block-file__button wp-element-button\" download aria-describedby=\"wp-block-file--media-f7e4e7ca-1092-4982-aaca-8869135d96be\">T\u00e9l\u00e9charger<\/a><\/div>\n\n\n\n<div data-wp-interactive=\"core\/file\" class=\"wp-block-file\"><object data-wp-bind--hidden=\"!state.hasPdfPreview\" hidden class=\"wp-block-file__embed\" data=\"https:\/\/mathplus.tourmu.fr\/wp-content\/uploads\/2026\/01\/1_Ch5_Suites_arith_et_geo_eleve.pdf\" type=\"application\/pdf\" style=\"width:100%;height:200px\" aria-label=\"Contenu embarqu\u00e9 Ch4 Suites arithm\u00e9tiques et g\u00e9om\u00e9triques cours \u00e9l\u00e8ve.\"><\/object><a id=\"wp-block-file--media-7828aa0d-727c-4918-bb1b-20c469f3f047\" href=\"https:\/\/mathplus.tourmu.fr\/wp-content\/uploads\/2026\/01\/1_Ch5_Suites_arith_et_geo_eleve.pdf\">Ch4 Suites arithm\u00e9tiques et g\u00e9om\u00e9triques cours \u00e9l\u00e8ve<\/a><a href=\"https:\/\/mathplus.tourmu.fr\/wp-content\/uploads\/2026\/01\/1_Ch5_Suites_arith_et_geo_eleve.pdf\" class=\"wp-block-file__button wp-element-button\" download aria-describedby=\"wp-block-file--media-7828aa0d-727c-4918-bb1b-20c469f3f047\">T\u00e9l\u00e9charger<\/a><\/div>\n\n\n\n<div data-wp-interactive=\"core\/file\" class=\"wp-block-file\"><object data-wp-bind--hidden=\"!state.hasPdfPreview\" hidden class=\"wp-block-file__embed\" data=\"https:\/\/mathplus.tourmu.fr\/wp-content\/uploads\/2025\/12\/1_Ch3_Tableaux_croises_proba_conditionnelles_prof.pdf\" type=\"application\/pdf\" style=\"width:100%;height:200px\" aria-label=\"Contenu embarqu\u00e9 Ch3 Tableaux crois\u00e9s Probabilit\u00e9s conditionnelles cours compl\u00e9t\u00e9.\"><\/object><a id=\"wp-block-file--media-b182676d-fd1d-4c8d-aa19-46fcdeea62f9\" href=\"https:\/\/mathplus.tourmu.fr\/wp-content\/uploads\/2025\/12\/1_Ch3_Tableaux_croises_proba_conditionnelles_prof.pdf\">Ch3 Tableaux crois\u00e9s Probabilit\u00e9s conditionnelles cours compl\u00e9t\u00e9<\/a><a href=\"https:\/\/mathplus.tourmu.fr\/wp-content\/uploads\/2025\/12\/1_Ch3_Tableaux_croises_proba_conditionnelles_prof.pdf\" class=\"wp-block-file__button wp-element-button\" download aria-describedby=\"wp-block-file--media-b182676d-fd1d-4c8d-aa19-46fcdeea62f9\">T\u00e9l\u00e9charger<\/a><\/div>\n\n\n\n<div data-wp-interactive=\"core\/file\" class=\"wp-block-file\"><object data-wp-bind--hidden=\"!state.hasPdfPreview\" hidden class=\"wp-block-file__embed\" data=\"https:\/\/mathplus.tourmu.fr\/wp-content\/uploads\/2025\/11\/1_Ch3_Tableaux_croises_proba_conditionnelles_eleve.pdf\" type=\"application\/pdf\" style=\"width:100%;height:200px\" aria-label=\"Contenu embarqu\u00e9 Ch3 Tableaux crois\u00e9s probabilit\u00e9s conditionnelles cours \u00e9l\u00e8ve.\"><\/object><a id=\"wp-block-file--media-3296f20e-0638-4f94-9a0b-c8e8156f2c94\" href=\"https:\/\/mathplus.tourmu.fr\/wp-content\/uploads\/2025\/11\/1_Ch3_Tableaux_croises_proba_conditionnelles_eleve.pdf\">Ch3 Tableaux crois\u00e9s probabilit\u00e9s conditionnelles cours \u00e9l\u00e8ve<\/a><a href=\"https:\/\/mathplus.tourmu.fr\/wp-content\/uploads\/2025\/11\/1_Ch3_Tableaux_croises_proba_conditionnelles_eleve.pdf\" class=\"wp-block-file__button wp-element-button\" download aria-describedby=\"wp-block-file--media-3296f20e-0638-4f94-9a0b-c8e8156f2c94\">T\u00e9l\u00e9charger<\/a><\/div>\n\n\n\n<div data-wp-interactive=\"core\/file\" class=\"wp-block-file\"><object data-wp-bind--hidden=\"!state.hasPdfPreview\" hidden class=\"wp-block-file__embed\" data=\"https:\/\/mathplus.tourmu.fr\/wp-content\/uploads\/2025\/11\/1_Ch2_Generalites_fct_prof_2526.pdf\" type=\"application\/pdf\" style=\"width:100%;height:200px\" aria-label=\"Contenu embarqu\u00e9 Ch2 G\u00e9n\u00e9ralit\u00e9s sur les fonctions cours compl\u00e9t\u00e9.\"><\/object><a id=\"wp-block-file--media-5c846f2a-4a28-458c-8ece-dd6bfcdf4851\" href=\"https:\/\/mathplus.tourmu.fr\/wp-content\/uploads\/2025\/11\/1_Ch2_Generalites_fct_prof_2526.pdf\">Ch2 G\u00e9n\u00e9ralit\u00e9s sur les fonctions cours compl\u00e9t\u00e9<\/a><a href=\"https:\/\/mathplus.tourmu.fr\/wp-content\/uploads\/2025\/11\/1_Ch2_Generalites_fct_prof_2526.pdf\" class=\"wp-block-file__button wp-element-button\" download aria-describedby=\"wp-block-file--media-5c846f2a-4a28-458c-8ece-dd6bfcdf4851\">T\u00e9l\u00e9charger<\/a><\/div>\n\n\n\n<div data-wp-interactive=\"core\/file\" class=\"wp-block-file\"><object data-wp-bind--hidden=\"!state.hasPdfPreview\" hidden class=\"wp-block-file__embed\" data=\"https:\/\/mathplus.tourmu.fr\/wp-content\/uploads\/2025\/10\/1_Ch2_Generalites_fct_eleve_2425.pdf\" type=\"application\/pdf\" style=\"width:100%;height:200px\" aria-label=\"Contenu embarqu\u00e9 Ch2 G\u00e9n\u00e9ralit\u00e9s sur les fonctions cours \u00e9l\u00e8ve.\"><\/object><a id=\"wp-block-file--media-71a669b9-617e-409a-80f6-599d2b79f48c\" href=\"https:\/\/mathplus.tourmu.fr\/wp-content\/uploads\/2025\/10\/1_Ch2_Generalites_fct_eleve_2425.pdf\">Ch2 G\u00e9n\u00e9ralit\u00e9s sur les fonctions cours \u00e9l\u00e8ve<\/a><a href=\"https:\/\/mathplus.tourmu.fr\/wp-content\/uploads\/2025\/10\/1_Ch2_Generalites_fct_eleve_2425.pdf\" class=\"wp-block-file__button wp-element-button\" download aria-describedby=\"wp-block-file--media-71a669b9-617e-409a-80f6-599d2b79f48c\">T\u00e9l\u00e9charger<\/a><\/div>\n\n\n\n<div data-wp-interactive=\"core\/file\" class=\"wp-block-file\"><object data-wp-bind--hidden=\"!state.hasPdfPreview\" hidden class=\"wp-block-file__embed\" data=\"https:\/\/mathplus.tourmu.fr\/wp-content\/uploads\/2025\/10\/1_Ch1_Generalites_suites_prof-1.pdf\" type=\"application\/pdf\" style=\"width:100%;height:200px\" aria-label=\"Contenu embarqu\u00e9 Ch1 G\u00e9n\u00e9ralit\u00e9s sur les suites cours compl\u00e9t\u00e9.\"><\/object><a id=\"wp-block-file--media-5899622b-aa08-466d-858b-76ac799accad\" href=\"https:\/\/mathplus.tourmu.fr\/wp-content\/uploads\/2025\/10\/1_Ch1_Generalites_suites_prof-1.pdf\">Ch1 G\u00e9n\u00e9ralit\u00e9s sur les suites cours compl\u00e9t\u00e9<\/a><a href=\"https:\/\/mathplus.tourmu.fr\/wp-content\/uploads\/2025\/10\/1_Ch1_Generalites_suites_prof-1.pdf\" class=\"wp-block-file__button wp-element-button\" download aria-describedby=\"wp-block-file--media-5899622b-aa08-466d-858b-76ac799accad\">T\u00e9l\u00e9charger<\/a><\/div>\n\n\n\n<div data-wp-interactive=\"core\/file\" class=\"wp-block-file\"><object data-wp-bind--hidden=\"!state.hasPdfPreview\" hidden class=\"wp-block-file__embed\" data=\"https:\/\/mathplus.tourmu.fr\/wp-content\/uploads\/2025\/10\/1_Ch1_Generalites_suites_eleve.pdf\" type=\"application\/pdf\" style=\"width:100%;height:200px\" aria-label=\"Contenu embarqu\u00e9 Ch1 G\u00e9n\u00e9ralit\u00e9s sur les suites cours \u00e9l\u00e8ve.\"><\/object><a id=\"wp-block-file--media-a90ff998-6fbd-43c5-929b-2c36dde7d3c0\" href=\"https:\/\/mathplus.tourmu.fr\/wp-content\/uploads\/2025\/10\/1_Ch1_Generalites_suites_eleve.pdf\">Ch1 G\u00e9n\u00e9ralit\u00e9s sur les suites cours \u00e9l\u00e8ve<\/a><a href=\"https:\/\/mathplus.tourmu.fr\/wp-content\/uploads\/2025\/10\/1_Ch1_Generalites_suites_eleve.pdf\" class=\"wp-block-file__button wp-element-button\" download aria-describedby=\"wp-block-file--media-a90ff998-6fbd-43c5-929b-2c36dde7d3c0\">T\u00e9l\u00e9charger<\/a><\/div>\n","protected":false},"excerpt":{"rendered":"","protected":false},"author":1,"featured_media":0,"parent":14,"menu_order":0,"comment_status":"closed","ping_status":"closed","template":"","meta":{"footnotes":""},"class_list":["post-367","page","type-page","status-publish","hentry"],"_links":{"self":[{"href":"https:\/\/mathplus.tourmu.fr\/index.php?rest_route=\/wp\/v2\/pages\/367","targetHints":{"allow":["GET"]}}],"collection":[{"href":"https:\/\/mathplus.tourmu.fr\/index.php?rest_route=\/wp\/v2\/pages"}],"about":[{"href":"https:\/\/mathplus.tourmu.fr\/index.php?rest_route=\/wp\/v2\/types\/page"}],"author":[{"embeddable":true,"href":"https:\/\/mathplus.tourmu.fr\/index.php?rest_route=\/wp\/v2\/users\/1"}],"replies":[{"embeddable":true,"href":"https:\/\/mathplus.tourmu.fr\/index.php?rest_route=%2Fwp%2Fv2%2Fcomments&post=367"}],"version-history":[{"count":150,"href":"https:\/\/mathplus.tourmu.fr\/index.php?rest_route=\/wp\/v2\/pages\/367\/revisions"}],"predecessor-version":[{"id":5475,"href":"https:\/\/mathplus.tourmu.fr\/index.php?rest_route=\/wp\/v2\/pages\/367\/revisions\/5475"}],"up":[{"embeddable":true,"href":"https:\/\/mathplus.tourmu.fr\/index.php?rest_route=\/wp\/v2\/pages\/14"}],"wp:attachment":[{"href":"https:\/\/mathplus.tourmu.fr\/index.php?rest_route=%2Fwp%2Fv2%2Fmedia&parent=367"}],"curies":[{"name":"wp","href":"https:\/\/api.w.org\/{rel}","templated":true}]}}