{"id":363,"date":"2019-09-11T17:21:43","date_gmt":"2019-09-11T15:21:43","guid":{"rendered":"http:\/\/mathplus.tourmu.fr\/?page_id=363"},"modified":"2025-09-04T15:02:30","modified_gmt":"2025-09-04T13:02:30","slug":"progression-ts","status":"publish","type":"page","link":"https:\/\/mathplus.tourmu.fr\/?page_id=363","title":{"rendered":"Progression et dates \u00e9valuations  TSp\u00e9              Ann\u00e9e 2025-2026"},"content":{"rendered":"\n<div data-wp-interactive=\"core\/file\" class=\"wp-block-file\"><object data-wp-bind--hidden=\"!state.hasPdfPreview\" hidden class=\"wp-block-file__embed\" data=\"https:\/\/mathplus.tourmu.fr\/wp-content\/uploads\/2025\/09\/TSpe_Progression-Annee-2025-2026_eleves.pdf\" type=\"application\/pdf\" style=\"width:100%;height:200px\" aria-label=\"Contenu embarqu\u00e9 TSpe Progression Ann\u00e9e 2025-2026.\"><\/object><a id=\"wp-block-file--media-d772a051-6a52-49c4-a2f9-f4934c2dac92\" href=\"https:\/\/mathplus.tourmu.fr\/wp-content\/uploads\/2025\/09\/TSpe_Progression-Annee-2025-2026_eleves.pdf\">TSpe Progression Ann\u00e9e 2025-2026<\/a><a href=\"https:\/\/mathplus.tourmu.fr\/wp-content\/uploads\/2025\/09\/TSpe_Progression-Annee-2025-2026_eleves.pdf\" class=\"wp-block-file__button wp-element-button\" download aria-describedby=\"wp-block-file--media-d772a051-6a52-49c4-a2f9-f4934c2dac92\">T\u00e9l\u00e9charger<\/a><\/div>\n","protected":false},"excerpt":{"rendered":"","protected":false},"author":1,"featured_media":0,"parent":12,"menu_order":5,"comment_status":"closed","ping_status":"closed","template":"","meta":{"footnotes":""},"class_list":["post-363","page","type-page","status-publish","hentry"],"_links":{"self":[{"href":"https:\/\/mathplus.tourmu.fr\/index.php?rest_route=\/wp\/v2\/pages\/363","targetHints":{"allow":["GET"]}}],"collection":[{"href":"https:\/\/mathplus.tourmu.fr\/index.php?rest_route=\/wp\/v2\/pages"}],"about":[{"href":"https:\/\/mathplus.tourmu.fr\/index.php?rest_route=\/wp\/v2\/types\/page"}],"author":[{"embeddable":true,"href":"https:\/\/mathplus.tourmu.fr\/index.php?rest_route=\/wp\/v2\/users\/1"}],"replies":[{"embeddable":true,"href":"https:\/\/mathplus.tourmu.fr\/index.php?rest_route=%2Fwp%2Fv2%2Fcomments&post=363"}],"version-history":[{"count":17,"href":"https:\/\/mathplus.tourmu.fr\/index.php?rest_route=\/wp\/v2\/pages\/363\/revisions"}],"predecessor-version":[{"id":4955,"href":"https:\/\/mathplus.tourmu.fr\/index.php?rest_route=\/wp\/v2\/pages\/363\/revisions\/4955"}],"up":[{"embeddable":true,"href":"https:\/\/mathplus.tourmu.fr\/index.php?rest_route=\/wp\/v2\/pages\/12"}],"wp:attachment":[{"href":"https:\/\/mathplus.tourmu.fr\/index.php?rest_route=%2Fwp%2Fv2%2Fmedia&parent=363"}],"curies":[{"name":"wp","href":"https:\/\/api.w.org\/{rel}","templated":true}]}}