{"id":346,"date":"2019-09-11T17:14:20","date_gmt":"2019-09-11T15:14:20","guid":{"rendered":"http:\/\/mathplus.tourmu.fr\/?page_id=346"},"modified":"2026-04-23T15:50:29","modified_gmt":"2026-04-23T13:50:29","slug":"cours-de-ts","status":"publish","type":"page","link":"https:\/\/mathplus.tourmu.fr\/?page_id=346","title":{"rendered":"Cours  TSp\u00e9"},"content":{"rendered":"\n<div data-wp-interactive=\"core\/file\" class=\"wp-block-file\"><object data-wp-bind--hidden=\"!state.hasPdfPreview\" hidden class=\"wp-block-file__embed\" data=\"https:\/\/mathplus.tourmu.fr\/wp-content\/uploads\/2026\/04\/1_TSpe-Ch11-Calcul-integral-Cours-Prof_2526.pdf\" type=\"application\/pdf\" style=\"width:100%;height:200px\" aria-label=\"Contenu embarqu\u00e9 Ch11 Calcul int\u00e9gral Cours compl\u00e9t\u00e9.\"><\/object><a id=\"wp-block-file--media-57a352ac-c19c-410b-bc75-fe29974da25a\" href=\"https:\/\/mathplus.tourmu.fr\/wp-content\/uploads\/2026\/04\/1_TSpe-Ch11-Calcul-integral-Cours-Prof_2526.pdf\">Ch11 Calcul int\u00e9gral Cours compl\u00e9t\u00e9<\/a><a href=\"https:\/\/mathplus.tourmu.fr\/wp-content\/uploads\/2026\/04\/1_TSpe-Ch11-Calcul-integral-Cours-Prof_2526.pdf\" class=\"wp-block-file__button wp-element-button\" download aria-describedby=\"wp-block-file--media-57a352ac-c19c-410b-bc75-fe29974da25a\">T\u00e9l\u00e9charger<\/a><\/div>\n\n\n\n<div data-wp-interactive=\"core\/file\" class=\"wp-block-file\"><object data-wp-bind--hidden=\"!state.hasPdfPreview\" hidden class=\"wp-block-file__embed\" data=\"https:\/\/mathplus.tourmu.fr\/wp-content\/uploads\/2026\/04\/1_TSpe-Ch11_Calcul-integral-Cours-Eleve_2526.pdf\" type=\"application\/pdf\" style=\"width:100%;height:200px\" aria-label=\"Contenu embarqu\u00e9 Ch11 Calcul int\u00e9gral Cours \u00e9l\u00e8ve.\"><\/object><a id=\"wp-block-file--media-97466b16-a04b-4b44-bfa0-b1f85bd0f3da\" href=\"https:\/\/mathplus.tourmu.fr\/wp-content\/uploads\/2026\/04\/1_TSpe-Ch11_Calcul-integral-Cours-Eleve_2526.pdf\">Ch11 Calcul int\u00e9gral Cours \u00e9l\u00e8ve<\/a><a href=\"https:\/\/mathplus.tourmu.fr\/wp-content\/uploads\/2026\/04\/1_TSpe-Ch11_Calcul-integral-Cours-Eleve_2526.pdf\" class=\"wp-block-file__button wp-element-button\" download aria-describedby=\"wp-block-file--media-97466b16-a04b-4b44-bfa0-b1f85bd0f3da\">T\u00e9l\u00e9charger<\/a><\/div>\n\n\n\n<div data-wp-interactive=\"core\/file\" class=\"wp-block-file\"><object data-wp-bind--hidden=\"!state.hasPdfPreview\" hidden class=\"wp-block-file__embed\" data=\"https:\/\/mathplus.tourmu.fr\/wp-content\/uploads\/2026\/03\/1_TSpe_Ch10-Primitives-equa-diff-prof_2425.pdf\" type=\"application\/pdf\" style=\"width:100%;height:200px\" aria-label=\"Contenu embarqu\u00e9 Ch10 Primitives et \u00e9quations diff\u00e9rentielles cours compl\u00e9t\u00e9.\"><\/object><a id=\"wp-block-file--media-3601d582-7036-43ec-b80e-d07ced55376e\" href=\"https:\/\/mathplus.tourmu.fr\/wp-content\/uploads\/2026\/03\/1_TSpe_Ch10-Primitives-equa-diff-prof_2425.pdf\">Ch10 Primitives et \u00e9quations diff\u00e9rentielles cours compl\u00e9t\u00e9<\/a><a href=\"https:\/\/mathplus.tourmu.fr\/wp-content\/uploads\/2026\/03\/1_TSpe_Ch10-Primitives-equa-diff-prof_2425.pdf\" class=\"wp-block-file__button wp-element-button\" download aria-describedby=\"wp-block-file--media-3601d582-7036-43ec-b80e-d07ced55376e\">T\u00e9l\u00e9charger<\/a><\/div>\n\n\n\n<div data-wp-interactive=\"core\/file\" class=\"wp-block-file\"><object data-wp-bind--hidden=\"!state.hasPdfPreview\" hidden class=\"wp-block-file__embed\" data=\"https:\/\/mathplus.tourmu.fr\/wp-content\/uploads\/2026\/03\/1_TSpe_Ch10-Primitives-equa-diff-eleve_2425.pdf\" type=\"application\/pdf\" style=\"width:100%;height:200px\" aria-label=\"Contenu embarqu\u00e9 Ch10 Primitives et \u00e9quations diff\u00e9rentielles cours \u00e9l\u00e8ve.\"><\/object><a id=\"wp-block-file--media-10bd56ea-c5ee-43f2-bf46-7905aafbda80\" href=\"https:\/\/mathplus.tourmu.fr\/wp-content\/uploads\/2026\/03\/1_TSpe_Ch10-Primitives-equa-diff-eleve_2425.pdf\">Ch10 Primitives et \u00e9quations diff\u00e9rentielles cours \u00e9l\u00e8ve<\/a><a href=\"https:\/\/mathplus.tourmu.fr\/wp-content\/uploads\/2026\/03\/1_TSpe_Ch10-Primitives-equa-diff-eleve_2425.pdf\" class=\"wp-block-file__button wp-element-button\" download aria-describedby=\"wp-block-file--media-10bd56ea-c5ee-43f2-bf46-7905aafbda80\">T\u00e9l\u00e9charger<\/a><\/div>\n\n\n\n<div data-wp-interactive=\"core\/file\" class=\"wp-block-file\"><object data-wp-bind--hidden=\"!state.hasPdfPreview\" hidden class=\"wp-block-file__embed\" data=\"https:\/\/mathplus.tourmu.fr\/wp-content\/uploads\/2026\/02\/Ch9-Orthogonalite-et-distances-dans-lespace-cours-complete.pdf\" type=\"application\/pdf\" style=\"width:100%;height:200px\" aria-label=\"Contenu embarqu\u00e9 Ch9 Orthogonalit\u00e9 et distances dans l&apos;espace cours compl\u00e9t\u00e9.\"><\/object><a id=\"wp-block-file--media-a2e1f336-51d3-4621-beac-e3f5c32555bb\" href=\"https:\/\/mathplus.tourmu.fr\/wp-content\/uploads\/2026\/02\/Ch9-Orthogonalite-et-distances-dans-lespace-cours-complete.pdf\">Ch9 Orthogonalit\u00e9 et distances dans l&rsquo;espace cours compl\u00e9t\u00e9<\/a><a href=\"https:\/\/mathplus.tourmu.fr\/wp-content\/uploads\/2026\/02\/Ch9-Orthogonalite-et-distances-dans-lespace-cours-complete.pdf\" class=\"wp-block-file__button wp-element-button\" download aria-describedby=\"wp-block-file--media-a2e1f336-51d3-4621-beac-e3f5c32555bb\">T\u00e9l\u00e9charger<\/a><\/div>\n\n\n\n<div data-wp-interactive=\"core\/file\" class=\"wp-block-file\"><object data-wp-bind--hidden=\"!state.hasPdfPreview\" hidden class=\"wp-block-file__embed\" data=\"https:\/\/mathplus.tourmu.fr\/wp-content\/uploads\/2026\/02\/1_TSpe_Ch10_Orthogonalite_Distance_espace_cours_eleve_2425.pdf\" type=\"application\/pdf\" style=\"width:100%;height:200px\" aria-label=\"Contenu embarqu\u00e9 Ch9 Orthogonalit\u00e9 et distances dans l&apos;espace cours \u00e9l\u00e8ve.\"><\/object><a id=\"wp-block-file--media-8da0d30e-f441-44ad-b8f6-c125178dd640\" href=\"https:\/\/mathplus.tourmu.fr\/wp-content\/uploads\/2026\/02\/1_TSpe_Ch10_Orthogonalite_Distance_espace_cours_eleve_2425.pdf\">Ch9 Orthogonalit\u00e9 et distances dans l&rsquo;espace cours \u00e9l\u00e8ve<\/a><a href=\"https:\/\/mathplus.tourmu.fr\/wp-content\/uploads\/2026\/02\/1_TSpe_Ch10_Orthogonalite_Distance_espace_cours_eleve_2425.pdf\" class=\"wp-block-file__button wp-element-button\" download aria-describedby=\"wp-block-file--media-8da0d30e-f441-44ad-b8f6-c125178dd640\">T\u00e9l\u00e9charger<\/a><\/div>\n\n\n\n<div data-wp-interactive=\"core\/file\" class=\"wp-block-file\"><object data-wp-bind--hidden=\"!state.hasPdfPreview\" hidden class=\"wp-block-file__embed\" data=\"https:\/\/mathplus.tourmu.fr\/wp-content\/uploads\/2026\/02\/1spe_produit_scalaire_cours_prof_1920.pdf\" type=\"application\/pdf\" style=\"width:100%;height:220px\" aria-label=\"Contenu embarqu\u00e9 R\u00e9visions 1sp\u00e9 Le produit scalaire.\"><\/object><a id=\"wp-block-file--media-77134e68-1ea0-42ca-aa9b-b191702acb95\" href=\"https:\/\/mathplus.tourmu.fr\/wp-content\/uploads\/2026\/02\/1spe_produit_scalaire_cours_prof_1920.pdf\">R\u00e9visions 1sp\u00e9 Le produit scalaire<\/a><a href=\"https:\/\/mathplus.tourmu.fr\/wp-content\/uploads\/2026\/02\/1spe_produit_scalaire_cours_prof_1920.pdf\" class=\"wp-block-file__button wp-element-button\" download aria-describedby=\"wp-block-file--media-77134e68-1ea0-42ca-aa9b-b191702acb95\">T\u00e9l\u00e9charger<\/a><\/div>\n\n\n\n<div data-wp-interactive=\"core\/file\" class=\"wp-block-file\"><object data-wp-bind--hidden=\"!state.hasPdfPreview\" hidden class=\"wp-block-file__embed\" data=\"https:\/\/mathplus.tourmu.fr\/wp-content\/uploads\/2026\/01\/1_TSpe_Ch8_Fct_ln_prof_2526.pdf\" type=\"application\/pdf\" style=\"width:100%;height:200px\" aria-label=\"Contenu embarqu\u00e9 Ch8 La fonction logarithme n\u00e9p\u00e9rien cours compl\u00e9t\u00e9.\"><\/object><a id=\"wp-block-file--media-ad159353-f18c-4c29-9648-6de42dd7d410\" href=\"https:\/\/mathplus.tourmu.fr\/wp-content\/uploads\/2026\/01\/1_TSpe_Ch8_Fct_ln_prof_2526.pdf\">Ch8 La fonction logarithme n\u00e9p\u00e9rien cours compl\u00e9t\u00e9<\/a><a href=\"https:\/\/mathplus.tourmu.fr\/wp-content\/uploads\/2026\/01\/1_TSpe_Ch8_Fct_ln_prof_2526.pdf\" class=\"wp-block-file__button wp-element-button\" download aria-describedby=\"wp-block-file--media-ad159353-f18c-4c29-9648-6de42dd7d410\">T\u00e9l\u00e9charger<\/a><\/div>\n\n\n\n<div data-wp-interactive=\"core\/file\" class=\"wp-block-file\"><object data-wp-bind--hidden=\"!state.hasPdfPreview\" hidden class=\"wp-block-file__embed\" data=\"https:\/\/mathplus.tourmu.fr\/wp-content\/uploads\/2026\/01\/1_TSpe_Ch8_Fct_ln_eleve_2526.pdf\" type=\"application\/pdf\" style=\"width:100%;height:200px\" aria-label=\"Contenu embarqu\u00e9 Ch8 La fonction logarithme n\u00e9p\u00e9rien cours \u00e9l\u00e8ve.\"><\/object><a id=\"wp-block-file--media-aebfee43-ada8-43e9-964b-38a9a83604df\" href=\"https:\/\/mathplus.tourmu.fr\/wp-content\/uploads\/2026\/01\/1_TSpe_Ch8_Fct_ln_eleve_2526.pdf\">Ch8 La fonction logarithme n\u00e9p\u00e9rien cours \u00e9l\u00e8ve<\/a><a href=\"https:\/\/mathplus.tourmu.fr\/wp-content\/uploads\/2026\/01\/1_TSpe_Ch8_Fct_ln_eleve_2526.pdf\" class=\"wp-block-file__button wp-element-button\" download aria-describedby=\"wp-block-file--media-aebfee43-ada8-43e9-964b-38a9a83604df\">T\u00e9l\u00e9charger<\/a><\/div>\n\n\n\n<div data-wp-interactive=\"core\/file\" class=\"wp-block-file\"><object data-wp-bind--hidden=\"!state.hasPdfPreview\" hidden class=\"wp-block-file__embed\" data=\"https:\/\/mathplus.tourmu.fr\/wp-content\/uploads\/2026\/01\/Ch7-La-continuite-cours-complete.pdf\" type=\"application\/pdf\" style=\"width:100%;height:200px\" aria-label=\"Contenu embarqu\u00e9 Ch7 La continuit\u00e9 cours compl\u00e9t\u00e9.\"><\/object><a id=\"wp-block-file--media-db337689-1d92-4f99-9955-9ee841c0c7aa\" href=\"https:\/\/mathplus.tourmu.fr\/wp-content\/uploads\/2026\/01\/Ch7-La-continuite-cours-complete.pdf\">Ch7 La continuit\u00e9 cours compl\u00e9t\u00e9<\/a><a href=\"https:\/\/mathplus.tourmu.fr\/wp-content\/uploads\/2026\/01\/Ch7-La-continuite-cours-complete.pdf\" class=\"wp-block-file__button wp-element-button\" download aria-describedby=\"wp-block-file--media-db337689-1d92-4f99-9955-9ee841c0c7aa\">T\u00e9l\u00e9charger<\/a><\/div>\n\n\n\n<div data-wp-interactive=\"core\/file\" class=\"wp-block-file\"><object data-wp-bind--hidden=\"!state.hasPdfPreview\" hidden class=\"wp-block-file__embed\" data=\"https:\/\/mathplus.tourmu.fr\/wp-content\/uploads\/2026\/01\/1_TermSpe_Ch7_Continuite_eleve_2526.pdf\" type=\"application\/pdf\" style=\"width:100%;height:200px\" aria-label=\"Contenu embarqu\u00e9 Ch7 La continuit\u00e9 cours \u00e9l\u00e8ve.\"><\/object><a id=\"wp-block-file--media-1d9ab359-594b-4b94-b756-23e54ab24f83\" href=\"https:\/\/mathplus.tourmu.fr\/wp-content\/uploads\/2026\/01\/1_TermSpe_Ch7_Continuite_eleve_2526.pdf\">Ch7 La continuit\u00e9 cours \u00e9l\u00e8ve<\/a><a href=\"https:\/\/mathplus.tourmu.fr\/wp-content\/uploads\/2026\/01\/1_TermSpe_Ch7_Continuite_eleve_2526.pdf\" class=\"wp-block-file__button wp-element-button\" download aria-describedby=\"wp-block-file--media-1d9ab359-594b-4b94-b756-23e54ab24f83\">T\u00e9l\u00e9charger<\/a><\/div>\n\n\n\n<div data-wp-interactive=\"core\/file\" class=\"wp-block-file\"><object data-wp-bind--hidden=\"!state.hasPdfPreview\" hidden class=\"wp-block-file__embed\" data=\"https:\/\/mathplus.tourmu.fr\/wp-content\/uploads\/2025\/11\/1_TSpe_Ch5-Les-limites-de-suites-cours-prof-2526.pdf\" type=\"application\/pdf\" style=\"width:100%;height:200px\" aria-label=\"Contenu embarqu\u00e9 Ch5 Les limites de suites cours compl\u00e9t\u00e9.\"><\/object><a id=\"wp-block-file--media-c1b73fb6-f44e-4b30-aeaa-74b6ca3c2899\" href=\"https:\/\/mathplus.tourmu.fr\/wp-content\/uploads\/2025\/11\/1_TSpe_Ch5-Les-limites-de-suites-cours-prof-2526.pdf\">Ch5 Les limites de suites cours compl\u00e9t\u00e9<\/a><a href=\"https:\/\/mathplus.tourmu.fr\/wp-content\/uploads\/2025\/11\/1_TSpe_Ch5-Les-limites-de-suites-cours-prof-2526.pdf\" class=\"wp-block-file__button wp-element-button\" download aria-describedby=\"wp-block-file--media-c1b73fb6-f44e-4b30-aeaa-74b6ca3c2899\">T\u00e9l\u00e9charger<\/a><\/div>\n\n\n\n<div data-wp-interactive=\"core\/file\" class=\"wp-block-file\"><object data-wp-bind--hidden=\"!state.hasPdfPreview\" hidden class=\"wp-block-file__embed\" data=\"https:\/\/mathplus.tourmu.fr\/wp-content\/uploads\/2025\/11\/1_TSpe_Ch5-Les-limites-de-suites-cours-eleve-2526.pdf\" type=\"application\/pdf\" style=\"width:100%;height:200px\" aria-label=\"Contenu embarqu\u00e9 Ch5 Les limites de suites cours \u00e9l\u00e8ve.\"><\/object><a id=\"wp-block-file--media-33d39cc5-87ca-4fe5-a451-3fdede065b08\" href=\"https:\/\/mathplus.tourmu.fr\/wp-content\/uploads\/2025\/11\/1_TSpe_Ch5-Les-limites-de-suites-cours-eleve-2526.pdf\">Ch5 Les limites de suites cours \u00e9l\u00e8ve<\/a><a href=\"https:\/\/mathplus.tourmu.fr\/wp-content\/uploads\/2025\/11\/1_TSpe_Ch5-Les-limites-de-suites-cours-eleve-2526.pdf\" class=\"wp-block-file__button wp-element-button\" download aria-describedby=\"wp-block-file--media-33d39cc5-87ca-4fe5-a451-3fdede065b08\">T\u00e9l\u00e9charger<\/a><\/div>\n\n\n\n<div data-wp-interactive=\"core\/file\" class=\"wp-block-file\"><object data-wp-bind--hidden=\"!state.hasPdfPreview\" hidden class=\"wp-block-file__embed\" data=\"https:\/\/mathplus.tourmu.fr\/wp-content\/uploads\/2025\/11\/1_TSpe-Ch4-Espace-prof_2526.pdf\" type=\"application\/pdf\" style=\"width:100%;height:200px\" aria-label=\"Contenu embarqu\u00e9 Ch4 G\u00e9om\u00e9trie dans l&apos;espace cours compl\u00e9t\u00e9.\"><\/object><a id=\"wp-block-file--media-6eb29273-3256-46e2-889d-109d9d48aed4\" href=\"https:\/\/mathplus.tourmu.fr\/wp-content\/uploads\/2025\/11\/1_TSpe-Ch4-Espace-prof_2526.pdf\">Ch4 G\u00e9om\u00e9trie dans l&rsquo;espace cours compl\u00e9t\u00e9<\/a><a href=\"https:\/\/mathplus.tourmu.fr\/wp-content\/uploads\/2025\/11\/1_TSpe-Ch4-Espace-prof_2526.pdf\" class=\"wp-block-file__button wp-element-button\" download aria-describedby=\"wp-block-file--media-6eb29273-3256-46e2-889d-109d9d48aed4\">T\u00e9l\u00e9charger<\/a><\/div>\n\n\n\n<div data-wp-interactive=\"core\/file\" class=\"wp-block-file\"><object data-wp-bind--hidden=\"!state.hasPdfPreview\" hidden class=\"wp-block-file__embed\" data=\"https:\/\/mathplus.tourmu.fr\/wp-content\/uploads\/2025\/11\/1_TSpe-Ch4-Espace-eleve-2526.pdf\" type=\"application\/pdf\" style=\"width:100%;height:200px\" aria-label=\"Contenu embarqu\u00e9 Ch4 G\u00e9om\u00e9trie dans l&apos;espace cours \u00e9l\u00e8ve.\"><\/object><a id=\"wp-block-file--media-0d1d68d5-7807-4da2-bd1b-bacdcc7d8256\" href=\"https:\/\/mathplus.tourmu.fr\/wp-content\/uploads\/2025\/11\/1_TSpe-Ch4-Espace-eleve-2526.pdf\">Ch4 G\u00e9om\u00e9trie dans l&rsquo;espace cours \u00e9l\u00e8ve<\/a><a href=\"https:\/\/mathplus.tourmu.fr\/wp-content\/uploads\/2025\/11\/1_TSpe-Ch4-Espace-eleve-2526.pdf\" class=\"wp-block-file__button wp-element-button\" download aria-describedby=\"wp-block-file--media-0d1d68d5-7807-4da2-bd1b-bacdcc7d8256\">T\u00e9l\u00e9charger<\/a><\/div>\n\n\n\n<div data-wp-interactive=\"core\/file\" class=\"wp-block-file\"><object data-wp-bind--hidden=\"!state.hasPdfPreview\" hidden class=\"wp-block-file__embed\" data=\"https:\/\/mathplus.tourmu.fr\/wp-content\/uploads\/2025\/11\/1-TSpe-Ch5-La-loi-binomiale-prof-2526.pdf\" type=\"application\/pdf\" style=\"width:100%;height:200px\" aria-label=\"Contenu embarqu\u00e9 Ch3b  La loi binomiale  cours compl\u00e9t\u00e9.\"><\/object><a id=\"wp-block-file--media-82acc1e9-0de9-4c52-b53b-4eb5c7577a74\" href=\"https:\/\/mathplus.tourmu.fr\/wp-content\/uploads\/2025\/11\/1-TSpe-Ch5-La-loi-binomiale-prof-2526.pdf\">Ch3b  La loi binomiale  cours compl\u00e9t\u00e9<\/a><a href=\"https:\/\/mathplus.tourmu.fr\/wp-content\/uploads\/2025\/11\/1-TSpe-Ch5-La-loi-binomiale-prof-2526.pdf\" class=\"wp-block-file__button wp-element-button\" download aria-describedby=\"wp-block-file--media-82acc1e9-0de9-4c52-b53b-4eb5c7577a74\">T\u00e9l\u00e9charger<\/a><\/div>\n\n\n\n<div data-wp-interactive=\"core\/file\" class=\"wp-block-file\"><object data-wp-bind--hidden=\"!state.hasPdfPreview\" hidden class=\"wp-block-file__embed\" data=\"https:\/\/mathplus.tourmu.fr\/wp-content\/uploads\/2025\/11\/1_TSpe-Ch3b-La-loi-binomiale-eleve-2526.pdf\" type=\"application\/pdf\" style=\"width:100%;height:200px\" aria-label=\"Contenu embarqu\u00e9 Ch3b La loi binomiale cours \u00e9l\u00e8ve .\"><\/object><a id=\"wp-block-file--media-52aa4fca-e8ea-4444-a051-3ce88de338d0\" href=\"https:\/\/mathplus.tourmu.fr\/wp-content\/uploads\/2025\/11\/1_TSpe-Ch3b-La-loi-binomiale-eleve-2526.pdf\">Ch3b La loi binomiale cours \u00e9l\u00e8ve <\/a><a href=\"https:\/\/mathplus.tourmu.fr\/wp-content\/uploads\/2025\/11\/1_TSpe-Ch3b-La-loi-binomiale-eleve-2526.pdf\" class=\"wp-block-file__button wp-element-button\" download aria-describedby=\"wp-block-file--media-52aa4fca-e8ea-4444-a051-3ce88de338d0\">T\u00e9l\u00e9charger<\/a><\/div>\n\n\n\n<div data-wp-interactive=\"core\/file\" class=\"wp-block-file\"><object data-wp-bind--hidden=\"!state.hasPdfPreview\" hidden class=\"wp-block-file__embed\" data=\"https:\/\/mathplus.tourmu.fr\/wp-content\/uploads\/2025\/10\/1spe_Cours_variables-aleatoires.pdf\" type=\"application\/pdf\" style=\"width:100%;height:200px\" aria-label=\"Contenu embarqu\u00e9 R\u00e9visions classe de 1\u00e8re  Cours &lt;br&gt;Les variables al\u00e9atoires.\"><\/object><a id=\"wp-block-file--media-7435ba87-3e4a-4e1a-accc-98d449a7956f\" href=\"https:\/\/mathplus.tourmu.fr\/wp-content\/uploads\/2025\/10\/1spe_Cours_variables-aleatoires.pdf\">R\u00e9visions classe de 1\u00e8re  Cours <br>Les variables al\u00e9atoires<\/a><a href=\"https:\/\/mathplus.tourmu.fr\/wp-content\/uploads\/2025\/10\/1spe_Cours_variables-aleatoires.pdf\" class=\"wp-block-file__button wp-element-button\" download aria-describedby=\"wp-block-file--media-7435ba87-3e4a-4e1a-accc-98d449a7956f\">T\u00e9l\u00e9charger<\/a><\/div>\n\n\n\n<div data-wp-interactive=\"core\/file\" class=\"wp-block-file\"><object data-wp-bind--hidden=\"!state.hasPdfPreview\" hidden class=\"wp-block-file__embed\" data=\"https:\/\/mathplus.tourmu.fr\/wp-content\/uploads\/2025\/10\/1ere_Cours_Proba_conditionnelles.pdf\" type=\"application\/pdf\" style=\"width:100%;height:200px\" aria-label=\"Contenu embarqu\u00e9 R\u00e9visions classe de 1\u00e8re  Cours &lt;br&gt;Les probabilit\u00e9s conditionnelles.\"><\/object><a id=\"wp-block-file--media-ce2b5b62-e200-4c0a-93be-0673ad31f90f\" href=\"https:\/\/mathplus.tourmu.fr\/wp-content\/uploads\/2025\/10\/1ere_Cours_Proba_conditionnelles.pdf\">R\u00e9visions classe de 1\u00e8re  Cours <br>Les probabilit\u00e9s conditionnelles<\/a><a href=\"https:\/\/mathplus.tourmu.fr\/wp-content\/uploads\/2025\/10\/1ere_Cours_Proba_conditionnelles.pdf\" class=\"wp-block-file__button wp-element-button\" download aria-describedby=\"wp-block-file--media-ce2b5b62-e200-4c0a-93be-0673ad31f90f\">T\u00e9l\u00e9charger<\/a><\/div>\n\n\n\n<div data-wp-interactive=\"core\/file\" class=\"wp-block-file\"><object data-wp-bind--hidden=\"!state.hasPdfPreview\" hidden class=\"wp-block-file__embed\" data=\"https:\/\/mathplus.tourmu.fr\/wp-content\/uploads\/2025\/10\/Ch3-Combinatoire-et-denombrement-Cours-complete.pdf\" type=\"application\/pdf\" style=\"width:100%;height:200px\" aria-label=\"Contenu embarqu\u00e9 Ch3 Combinatoire et d\u00e9nombrement Cours compl\u00e9t\u00e9.\"><\/object><a id=\"wp-block-file--media-09eff996-3ad9-4294-be31-c38ec3de5528\" href=\"https:\/\/mathplus.tourmu.fr\/wp-content\/uploads\/2025\/10\/Ch3-Combinatoire-et-denombrement-Cours-complete.pdf\">Ch3 Combinatoire et d\u00e9nombrement Cours compl\u00e9t\u00e9<\/a><a href=\"https:\/\/mathplus.tourmu.fr\/wp-content\/uploads\/2025\/10\/Ch3-Combinatoire-et-denombrement-Cours-complete.pdf\" class=\"wp-block-file__button wp-element-button\" download aria-describedby=\"wp-block-file--media-09eff996-3ad9-4294-be31-c38ec3de5528\">T\u00e9l\u00e9charger<\/a><\/div>\n\n\n\n<div data-wp-interactive=\"core\/file\" class=\"wp-block-file\"><object data-wp-bind--hidden=\"!state.hasPdfPreview\" hidden class=\"wp-block-file__embed\" data=\"https:\/\/mathplus.tourmu.fr\/wp-content\/uploads\/2025\/10\/1_TSpe_Ch3_Combinatoire_Cours_eleve_2526.pdf\" type=\"application\/pdf\" style=\"width:100%;height:200px\" aria-label=\"Contenu embarqu\u00e9 Ch3 Combinatoire et d\u00e9nombrement  Cours \u00e9l\u00e8ve .\"><\/object><a id=\"wp-block-file--media-d99cbf3a-a542-4212-8c90-f3ecb7d7c4b0\" href=\"https:\/\/mathplus.tourmu.fr\/wp-content\/uploads\/2025\/10\/1_TSpe_Ch3_Combinatoire_Cours_eleve_2526.pdf\">Ch3 Combinatoire et d\u00e9nombrement  Cours \u00e9l\u00e8ve <\/a><a href=\"https:\/\/mathplus.tourmu.fr\/wp-content\/uploads\/2025\/10\/1_TSpe_Ch3_Combinatoire_Cours_eleve_2526.pdf\" class=\"wp-block-file__button wp-element-button\" download aria-describedby=\"wp-block-file--media-d99cbf3a-a542-4212-8c90-f3ecb7d7c4b0\">T\u00e9l\u00e9charger<\/a><\/div>\n\n\n\n<div data-wp-interactive=\"core\/file\" class=\"wp-block-file\"><object data-wp-bind--hidden=\"!state.hasPdfPreview\" hidden class=\"wp-block-file__embed\" data=\"https:\/\/mathplus.tourmu.fr\/wp-content\/uploads\/2025\/10\/Ch2_Suites_et-recurrence_Cours_prof_2526.pdf\" type=\"application\/pdf\" style=\"width:100%;height:200px\" aria-label=\"Contenu embarqu\u00e9 Ch2 Suites et r\u00e9currence Cours compl\u00e9t\u00e9.\"><\/object><a id=\"wp-block-file--media-59ca6043-0715-438d-97f3-936435d9cac0\" href=\"https:\/\/mathplus.tourmu.fr\/wp-content\/uploads\/2025\/10\/Ch2_Suites_et-recurrence_Cours_prof_2526.pdf\">Ch2 Suites et r\u00e9currence Cours compl\u00e9t\u00e9<\/a><a href=\"https:\/\/mathplus.tourmu.fr\/wp-content\/uploads\/2025\/10\/Ch2_Suites_et-recurrence_Cours_prof_2526.pdf\" class=\"wp-block-file__button wp-element-button\" download aria-describedby=\"wp-block-file--media-59ca6043-0715-438d-97f3-936435d9cac0\">T\u00e9l\u00e9charger<\/a><\/div>\n\n\n\n<div data-wp-interactive=\"core\/file\" class=\"wp-block-file\"><object data-wp-bind--hidden=\"!state.hasPdfPreview\" hidden class=\"wp-block-file__embed\" data=\"https:\/\/mathplus.tourmu.fr\/wp-content\/uploads\/2025\/10\/Ch2_Suites_et-recurrence_Cours_eleve_2526.pdf\" type=\"application\/pdf\" style=\"width:100%;height:200px\" aria-label=\"Contenu embarqu\u00e9 Ch2 Suites et r\u00e9currence Cours \u00e9l\u00e8ve.\"><\/object><a id=\"wp-block-file--media-0a4463c2-79bd-421c-8157-07177b08f0ac\" href=\"https:\/\/mathplus.tourmu.fr\/wp-content\/uploads\/2025\/10\/Ch2_Suites_et-recurrence_Cours_eleve_2526.pdf\">Ch2 Suites et r\u00e9currence Cours \u00e9l\u00e8ve<\/a><a href=\"https:\/\/mathplus.tourmu.fr\/wp-content\/uploads\/2025\/10\/Ch2_Suites_et-recurrence_Cours_eleve_2526.pdf\" class=\"wp-block-file__button wp-element-button\" download aria-describedby=\"wp-block-file--media-0a4463c2-79bd-421c-8157-07177b08f0ac\">T\u00e9l\u00e9charger<\/a><\/div>\n\n\n\n<div data-wp-interactive=\"core\/file\" class=\"wp-block-file\"><object data-wp-bind--hidden=\"!state.hasPdfPreview\" hidden class=\"wp-block-file__embed\" data=\"https:\/\/mathplus.tourmu.fr\/wp-content\/uploads\/2025\/09\/1_TermSpe_Ch1_Complements_derivation_prof_2526.pdf\" type=\"application\/pdf\" style=\"width:100%;height:200px\" aria-label=\"Contenu embarqu\u00e9 Ch1 Compl\u00e9ments sur la d\u00e9rivation cours compl\u00e9t\u00e9.\"><\/object><a id=\"wp-block-file--media-7d35d915-a6ba-4fea-a98c-3cc078b06e22\" href=\"https:\/\/mathplus.tourmu.fr\/wp-content\/uploads\/2025\/09\/1_TermSpe_Ch1_Complements_derivation_prof_2526.pdf\">Ch1 Compl\u00e9ments sur la d\u00e9rivation cours compl\u00e9t\u00e9<\/a><a href=\"https:\/\/mathplus.tourmu.fr\/wp-content\/uploads\/2025\/09\/1_TermSpe_Ch1_Complements_derivation_prof_2526.pdf\" class=\"wp-block-file__button wp-element-button\" download aria-describedby=\"wp-block-file--media-7d35d915-a6ba-4fea-a98c-3cc078b06e22\">T\u00e9l\u00e9charger<\/a><\/div>\n\n\n\n<div data-wp-interactive=\"core\/file\" class=\"wp-block-file\"><object data-wp-bind--hidden=\"!state.hasPdfPreview\" hidden class=\"wp-block-file__embed\" data=\"https:\/\/mathplus.tourmu.fr\/wp-content\/uploads\/2025\/09\/1_TermSpe_Ch1_Complements_derivation_eleve_2526.pdf\" type=\"application\/pdf\" style=\"width:100%;height:200px\" aria-label=\"Contenu embarqu\u00e9 Ch1 Compl\u00e9ments sur la d\u00e9rivation cours \u00e9l\u00e8ve.\"><\/object><a id=\"wp-block-file--media-03152768-8693-4b4e-a334-fbce18284f87\" href=\"https:\/\/mathplus.tourmu.fr\/wp-content\/uploads\/2025\/09\/1_TermSpe_Ch1_Complements_derivation_eleve_2526.pdf\">Ch1 Compl\u00e9ments sur la d\u00e9rivation cours \u00e9l\u00e8ve<\/a><a href=\"https:\/\/mathplus.tourmu.fr\/wp-content\/uploads\/2025\/09\/1_TermSpe_Ch1_Complements_derivation_eleve_2526.pdf\" class=\"wp-block-file__button wp-element-button\" download aria-describedby=\"wp-block-file--media-03152768-8693-4b4e-a334-fbce18284f87\">T\u00e9l\u00e9charger<\/a><\/div>\n\n\n\n<div data-wp-interactive=\"core\/file\" class=\"wp-block-file\"><object data-wp-bind--hidden=\"!state.hasPdfPreview\" hidden class=\"wp-block-file__embed\" data=\"https:\/\/mathplus.tourmu.fr\/wp-content\/uploads\/2025\/09\/TSpe-revision-exponentielle.pdf\" type=\"application\/pdf\" style=\"width:100%;height:200px\" aria-label=\"Contenu embarqu\u00e9 TSp\u00e9 r\u00e9vision : la fonction exponentielle.\"><\/object><a id=\"wp-block-file--media-fe638360-4340-428e-a809-b079bd1c1a8e\" href=\"https:\/\/mathplus.tourmu.fr\/wp-content\/uploads\/2025\/09\/TSpe-revision-exponentielle.pdf\">TSp\u00e9 r\u00e9vision : la fonction exponentielle<\/a><a href=\"https:\/\/mathplus.tourmu.fr\/wp-content\/uploads\/2025\/09\/TSpe-revision-exponentielle.pdf\" class=\"wp-block-file__button wp-element-button\" download aria-describedby=\"wp-block-file--media-fe638360-4340-428e-a809-b079bd1c1a8e\">T\u00e9l\u00e9charger<\/a><\/div>\n","protected":false},"excerpt":{"rendered":"","protected":false},"author":1,"featured_media":0,"parent":12,"menu_order":1,"comment_status":"closed","ping_status":"closed","template":"","meta":{"footnotes":""},"class_list":["post-346","page","type-page","status-publish","hentry"],"_links":{"self":[{"href":"https:\/\/mathplus.tourmu.fr\/index.php?rest_route=\/wp\/v2\/pages\/346","targetHints":{"allow":["GET"]}}],"collection":[{"href":"https:\/\/mathplus.tourmu.fr\/index.php?rest_route=\/wp\/v2\/pages"}],"about":[{"href":"https:\/\/mathplus.tourmu.fr\/index.php?rest_route=\/wp\/v2\/types\/page"}],"author":[{"embeddable":true,"href":"https:\/\/mathplus.tourmu.fr\/index.php?rest_route=\/wp\/v2\/users\/1"}],"replies":[{"embeddable":true,"href":"https:\/\/mathplus.tourmu.fr\/index.php?rest_route=%2Fwp%2Fv2%2Fcomments&post=346"}],"version-history":[{"count":173,"href":"https:\/\/mathplus.tourmu.fr\/index.php?rest_route=\/wp\/v2\/pages\/346\/revisions"}],"predecessor-version":[{"id":5479,"href":"https:\/\/mathplus.tourmu.fr\/index.php?rest_route=\/wp\/v2\/pages\/346\/revisions\/5479"}],"up":[{"embeddable":true,"href":"https:\/\/mathplus.tourmu.fr\/index.php?rest_route=\/wp\/v2\/pages\/12"}],"wp:attachment":[{"href":"https:\/\/mathplus.tourmu.fr\/index.php?rest_route=%2Fwp%2Fv2%2Fmedia&parent=346"}],"curies":[{"name":"wp","href":"https:\/\/api.w.org\/{rel}","templated":true}]}}