{"id":342,"date":"2019-09-11T17:13:08","date_gmt":"2019-09-11T15:13:08","guid":{"rendered":"http:\/\/mathplus.tourmu.fr\/?page_id=342"},"modified":"2026-02-03T19:56:48","modified_gmt":"2026-02-03T18:56:48","slug":"ds-2nde","status":"publish","type":"page","link":"https:\/\/mathplus.tourmu.fr\/?page_id=342","title":{"rendered":"DS 2nde 16"},"content":{"rendered":"\n<div data-wp-interactive=\"core\/file\" class=\"wp-block-file\"><object data-wp-bind--hidden=\"!state.hasPdfPreview\" hidden class=\"wp-block-file__embed\" data=\"https:\/\/mathplus.tourmu.fr\/wp-content\/uploads\/2026\/02\/2nde-DS5-Vecteurs-et-coordonnees-Pourcentages-et-evolutions-19-janvier-2026-1.pdf\" type=\"application\/pdf\" style=\"width:100%;height:200px\" aria-label=\"Contenu embarqu\u00e9 2nde DS6 Vecteurs et coordonn\u00e9es - Pourcentages et \u00e9volutions 19 janvier 2026.\"><\/object><a id=\"wp-block-file--media-15309abf-0b21-4504-beb3-702a833cb049\" href=\"https:\/\/mathplus.tourmu.fr\/wp-content\/uploads\/2026\/02\/2nde-DS5-Vecteurs-et-coordonnees-Pourcentages-et-evolutions-19-janvier-2026-1.pdf\">2nde DS6 Vecteurs et coordonn\u00e9es &#8211; Pourcentages et \u00e9volutions 19 janvier 2026<\/a><a href=\"https:\/\/mathplus.tourmu.fr\/wp-content\/uploads\/2026\/02\/2nde-DS5-Vecteurs-et-coordonnees-Pourcentages-et-evolutions-19-janvier-2026-1.pdf\" class=\"wp-block-file__button wp-element-button\" download aria-describedby=\"wp-block-file--media-15309abf-0b21-4504-beb3-702a833cb049\">T\u00e9l\u00e9charger<\/a><\/div>\n\n\n\n<div data-wp-interactive=\"core\/file\" class=\"wp-block-file\"><object data-wp-bind--hidden=\"!state.hasPdfPreview\" hidden class=\"wp-block-file__embed\" data=\"https:\/\/mathplus.tourmu.fr\/wp-content\/uploads\/2026\/02\/DS4-Fonctions-affines-8-decembre-2025-1.pdf\" type=\"application\/pdf\" style=\"width:100%;height:200px\" aria-label=\"Contenu embarqu\u00e9 DS5 Fonctions affines 8 d\u00e9cembre 2025.\"><\/object><a id=\"wp-block-file--media-15ca315b-6543-44ba-b353-2e267b630ab4\" href=\"https:\/\/mathplus.tourmu.fr\/wp-content\/uploads\/2026\/02\/DS4-Fonctions-affines-8-decembre-2025-1.pdf\">DS5 Fonctions affines 8 d\u00e9cembre 2025<\/a><a href=\"https:\/\/mathplus.tourmu.fr\/wp-content\/uploads\/2026\/02\/DS4-Fonctions-affines-8-decembre-2025-1.pdf\" class=\"wp-block-file__button wp-element-button\" download aria-describedby=\"wp-block-file--media-15ca315b-6543-44ba-b353-2e267b630ab4\">T\u00e9l\u00e9charger<\/a><\/div>\n\n\n\n<div data-wp-interactive=\"core\/file\" class=\"wp-block-file\"><object data-wp-bind--hidden=\"!state.hasPdfPreview\" hidden class=\"wp-block-file__embed\" data=\"https:\/\/mathplus.tourmu.fr\/wp-content\/uploads\/2026\/02\/DS4-24-nov-2025-1.pdf\" type=\"application\/pdf\" style=\"width:100%;height:200px\" aria-label=\"Contenu embarqu\u00e9 DS4 24 nov 2025.\"><\/object><a id=\"wp-block-file--media-01d680c4-4f34-4270-969f-3b07151b26e2\" href=\"https:\/\/mathplus.tourmu.fr\/wp-content\/uploads\/2026\/02\/DS4-24-nov-2025-1.pdf\">DS4 24 nov 2025<\/a><a href=\"https:\/\/mathplus.tourmu.fr\/wp-content\/uploads\/2026\/02\/DS4-24-nov-2025-1.pdf\" class=\"wp-block-file__button wp-element-button\" download aria-describedby=\"wp-block-file--media-01d680c4-4f34-4270-969f-3b07151b26e2\">T\u00e9l\u00e9charger<\/a><\/div>\n\n\n\n<div data-wp-interactive=\"core\/file\" class=\"wp-block-file\"><object data-wp-bind--hidden=\"!state.hasPdfPreview\" hidden class=\"wp-block-file__embed\" data=\"https:\/\/mathplus.tourmu.fr\/wp-content\/uploads\/2025\/11\/DS4-10-novembre-2025-30-min-1.pdf\" type=\"application\/pdf\" style=\"width:100%;height:200px\" aria-label=\"Contenu embarqu\u00e9 DS3 10 novembre 2025 30 min.\"><\/object><a id=\"wp-block-file--media-c4de31bb-fc01-43ab-9742-a4bcb4f9a220\" href=\"https:\/\/mathplus.tourmu.fr\/wp-content\/uploads\/2025\/11\/DS4-10-novembre-2025-30-min-1.pdf\">DS3 10 novembre 2025 30 min<\/a><a href=\"https:\/\/mathplus.tourmu.fr\/wp-content\/uploads\/2025\/11\/DS4-10-novembre-2025-30-min-1.pdf\" class=\"wp-block-file__button wp-element-button\" download aria-describedby=\"wp-block-file--media-c4de31bb-fc01-43ab-9742-a4bcb4f9a220\">T\u00e9l\u00e9charger<\/a><\/div>\n\n\n\n<div data-wp-interactive=\"core\/file\" class=\"wp-block-file\"><object data-wp-bind--hidden=\"!state.hasPdfPreview\" hidden class=\"wp-block-file__embed\" data=\"https:\/\/mathplus.tourmu.fr\/wp-content\/uploads\/2025\/10\/Devoir-Surveille-revisions-14-oct-2025-corrige-1.pdf\" type=\"application\/pdf\" style=\"width:100%;height:200px\" aria-label=\"Contenu embarqu\u00e9 DS2 ( r\u00e9visions calculs, \u00e9quations et in\u00e9quations) 14 oct 2025 + corrig\u00e9.\"><\/object><a id=\"wp-block-file--media-6fc1884c-6b06-4f96-9307-f4edc027c136\" href=\"https:\/\/mathplus.tourmu.fr\/wp-content\/uploads\/2025\/10\/Devoir-Surveille-revisions-14-oct-2025-corrige-1.pdf\">DS2 ( r\u00e9visions calculs, \u00e9quations et in\u00e9quations) 14 oct 2025 + corrig\u00e9<\/a><a href=\"https:\/\/mathplus.tourmu.fr\/wp-content\/uploads\/2025\/10\/Devoir-Surveille-revisions-14-oct-2025-corrige-1.pdf\" class=\"wp-block-file__button wp-element-button\" download aria-describedby=\"wp-block-file--media-6fc1884c-6b06-4f96-9307-f4edc027c136\">T\u00e9l\u00e9charger<\/a><\/div>\n\n\n\n<div data-wp-interactive=\"core\/file\" class=\"wp-block-file\"><object data-wp-bind--hidden=\"!state.hasPdfPreview\" hidden class=\"wp-block-file__embed\" data=\"https:\/\/mathplus.tourmu.fr\/wp-content\/uploads\/2025\/10\/DS1-29-sept-2025-correction-1.pdf\" type=\"application\/pdf\" style=\"width:100%;height:200px\" aria-label=\"Contenu embarqu\u00e9 DS1 (29 sept 2025) + correction.\"><\/object><a id=\"wp-block-file--media-3cbac6f1-193d-43a0-9320-0b94e62cae11\" href=\"https:\/\/mathplus.tourmu.fr\/wp-content\/uploads\/2025\/10\/DS1-29-sept-2025-correction-1.pdf\">DS1 (29 sept 2025) + correction<\/a><a href=\"https:\/\/mathplus.tourmu.fr\/wp-content\/uploads\/2025\/10\/DS1-29-sept-2025-correction-1.pdf\" class=\"wp-block-file__button wp-element-button\" download aria-describedby=\"wp-block-file--media-3cbac6f1-193d-43a0-9320-0b94e62cae11\">T\u00e9l\u00e9charger<\/a><\/div>\n","protected":false},"excerpt":{"rendered":"","protected":false},"author":1,"featured_media":0,"parent":308,"menu_order":1,"comment_status":"closed","ping_status":"closed","template":"","meta":{"footnotes":""},"class_list":["post-342","page","type-page","status-publish","hentry"],"_links":{"self":[{"href":"https:\/\/mathplus.tourmu.fr\/index.php?rest_route=\/wp\/v2\/pages\/342","targetHints":{"allow":["GET"]}}],"collection":[{"href":"https:\/\/mathplus.tourmu.fr\/index.php?rest_route=\/wp\/v2\/pages"}],"about":[{"href":"https:\/\/mathplus.tourmu.fr\/index.php?rest_route=\/wp\/v2\/types\/page"}],"author":[{"embeddable":true,"href":"https:\/\/mathplus.tourmu.fr\/index.php?rest_route=\/wp\/v2\/users\/1"}],"replies":[{"embeddable":true,"href":"https:\/\/mathplus.tourmu.fr\/index.php?rest_route=%2Fwp%2Fv2%2Fcomments&post=342"}],"version-history":[{"count":52,"href":"https:\/\/mathplus.tourmu.fr\/index.php?rest_route=\/wp\/v2\/pages\/342\/revisions"}],"predecessor-version":[{"id":5377,"href":"https:\/\/mathplus.tourmu.fr\/index.php?rest_route=\/wp\/v2\/pages\/342\/revisions\/5377"}],"up":[{"embeddable":true,"href":"https:\/\/mathplus.tourmu.fr\/index.php?rest_route=\/wp\/v2\/pages\/308"}],"wp:attachment":[{"href":"https:\/\/mathplus.tourmu.fr\/index.php?rest_route=%2Fwp%2Fv2%2Fmedia&parent=342"}],"curies":[{"name":"wp","href":"https:\/\/api.w.org\/{rel}","templated":true}]}}