{"id":306,"date":"2019-09-11T16:51:03","date_gmt":"2019-09-11T14:51:03","guid":{"rendered":"http:\/\/mathplus.tourmu.fr\/?page_id=306"},"modified":"2026-04-23T15:44:23","modified_gmt":"2026-04-23T13:44:23","slug":"cours-de-2nde","status":"publish","type":"page","link":"https:\/\/mathplus.tourmu.fr\/?page_id=306","title":{"rendered":"Cours de 2nde 16"},"content":{"rendered":"\n<div data-wp-interactive=\"core\/file\" class=\"wp-block-file\"><object data-wp-bind--hidden=\"!state.hasPdfPreview\" hidden class=\"wp-block-file__embed\" data=\"https:\/\/mathplus.tourmu.fr\/wp-content\/uploads\/2026\/04\/1_2nde_Ch8_Les_fonctions_carre_inverse_racine-et-cube_prof_2425-1.pdf\" type=\"application\/pdf\" style=\"width:100%;height:200px\" aria-label=\"Contenu embarqu\u00e9 Ch8 Les fonctions carr\u00e9, inverse, racine carr\u00e9e et cube cours compl\u00e9t\u00e9.\"><\/object><a id=\"wp-block-file--media-4f69ed30-8644-42b2-9dc6-c14dc9a6a1bc\" href=\"https:\/\/mathplus.tourmu.fr\/wp-content\/uploads\/2026\/04\/1_2nde_Ch8_Les_fonctions_carre_inverse_racine-et-cube_prof_2425-1.pdf\">Ch8 Les fonctions carr\u00e9, inverse, racine carr\u00e9e et cube cours compl\u00e9t\u00e9<\/a><a href=\"https:\/\/mathplus.tourmu.fr\/wp-content\/uploads\/2026\/04\/1_2nde_Ch8_Les_fonctions_carre_inverse_racine-et-cube_prof_2425-1.pdf\" class=\"wp-block-file__button wp-element-button\" download aria-describedby=\"wp-block-file--media-4f69ed30-8644-42b2-9dc6-c14dc9a6a1bc\">T\u00e9l\u00e9charger<\/a><\/div>\n\n\n\n<div data-wp-interactive=\"core\/file\" class=\"wp-block-file\"><object data-wp-bind--hidden=\"!state.hasPdfPreview\" hidden class=\"wp-block-file__embed\" data=\"https:\/\/mathplus.tourmu.fr\/wp-content\/uploads\/2026\/03\/1_2nde_Ch8_Les_fonctions_carre_inverse_racine-et-cube_eleves_2425-1.pdf\" type=\"application\/pdf\" style=\"width:100%;height:200px\" aria-label=\"Contenu embarqu\u00e9 Ch8 Les fonctions carr\u00e9, inverse,r acine carr\u00e9e et cube cours \u00e9l\u00e8ve.\"><\/object><a id=\"wp-block-file--media-c3f1d621-9d62-4e3c-b362-c4b393f357a0\" href=\"https:\/\/mathplus.tourmu.fr\/wp-content\/uploads\/2026\/03\/1_2nde_Ch8_Les_fonctions_carre_inverse_racine-et-cube_eleves_2425-1.pdf\">Ch8 Les fonctions carr\u00e9, inverse,r acine carr\u00e9e et cube cours \u00e9l\u00e8ve<\/a><a href=\"https:\/\/mathplus.tourmu.fr\/wp-content\/uploads\/2026\/03\/1_2nde_Ch8_Les_fonctions_carre_inverse_racine-et-cube_eleves_2425-1.pdf\" class=\"wp-block-file__button wp-element-button\" download aria-describedby=\"wp-block-file--media-c3f1d621-9d62-4e3c-b362-c4b393f357a0\">T\u00e9l\u00e9charger<\/a><\/div>\n\n\n\n<div data-wp-interactive=\"core\/file\" class=\"wp-block-file\"><object data-wp-bind--hidden=\"!state.hasPdfPreview\" hidden class=\"wp-block-file__embed\" data=\"https:\/\/mathplus.tourmu.fr\/wp-content\/uploads\/2026\/03\/1_Ch7-Equations-de-droites_Systemes-lineaires_prof_2526-1.pdf\" type=\"application\/pdf\" style=\"width:100%;height:200px\" aria-label=\"Contenu embarqu\u00e9 Ch7 Equations de droites-Syst\u00e8mes lin\u00e9aires cours compl\u00e9t\u00e9.\"><\/object><a id=\"wp-block-file--media-4cfbe5a8-63f8-4759-b57a-85e362c09a38\" href=\"https:\/\/mathplus.tourmu.fr\/wp-content\/uploads\/2026\/03\/1_Ch7-Equations-de-droites_Systemes-lineaires_prof_2526-1.pdf\">Ch7 Equations de droites-Syst\u00e8mes lin\u00e9aires cours compl\u00e9t\u00e9<\/a><a href=\"https:\/\/mathplus.tourmu.fr\/wp-content\/uploads\/2026\/03\/1_Ch7-Equations-de-droites_Systemes-lineaires_prof_2526-1.pdf\" class=\"wp-block-file__button wp-element-button\" download aria-describedby=\"wp-block-file--media-4cfbe5a8-63f8-4759-b57a-85e362c09a38\">T\u00e9l\u00e9charger<\/a><\/div>\n\n\n\n<div data-wp-interactive=\"core\/file\" class=\"wp-block-file\"><object data-wp-bind--hidden=\"!state.hasPdfPreview\" hidden class=\"wp-block-file__embed\" data=\"https:\/\/mathplus.tourmu.fr\/wp-content\/uploads\/2026\/01\/1_Ch7-Equations-de-droites_Systemes-lineaires_eleve_2526.pdf\" type=\"application\/pdf\" style=\"width:100%;height:200px\" aria-label=\"Contenu embarqu\u00e9 Ch7 Equations de droite-Syst\u00e8mes lin\u00e9aires cours \u00e9l\u00e8ve.\"><\/object><a id=\"wp-block-file--media-f1b052e4-4dfc-4629-a876-fcdddaf591a7\" href=\"https:\/\/mathplus.tourmu.fr\/wp-content\/uploads\/2026\/01\/1_Ch7-Equations-de-droites_Systemes-lineaires_eleve_2526.pdf\">Ch7 Equations de droite-Syst\u00e8mes lin\u00e9aires cours \u00e9l\u00e8ve<\/a><a href=\"https:\/\/mathplus.tourmu.fr\/wp-content\/uploads\/2026\/01\/1_Ch7-Equations-de-droites_Systemes-lineaires_eleve_2526.pdf\" class=\"wp-block-file__button wp-element-button\" download aria-describedby=\"wp-block-file--media-f1b052e4-4dfc-4629-a876-fcdddaf591a7\">T\u00e9l\u00e9charger<\/a><\/div>\n\n\n\n<div data-wp-interactive=\"core\/file\" class=\"wp-block-file\"><object data-wp-bind--hidden=\"!state.hasPdfPreview\" hidden class=\"wp-block-file__embed\" data=\"https:\/\/mathplus.tourmu.fr\/wp-content\/uploads\/2026\/01\/1_2nde_Pourcentages_evolutions_cours_complete-1.pdf\" type=\"application\/pdf\" style=\"width:100%;height:200px\" aria-label=\"Contenu embarqu\u00e9 Ch6 Pourcentages et \u00e9volutions cours compl\u00e9t\u00e9.\"><\/object><a id=\"wp-block-file--media-d1b8f57a-a047-45ab-bb42-f819b7206d3d\" href=\"https:\/\/mathplus.tourmu.fr\/wp-content\/uploads\/2026\/01\/1_2nde_Pourcentages_evolutions_cours_complete-1.pdf\">Ch6 Pourcentages et \u00e9volutions cours compl\u00e9t\u00e9<\/a><a href=\"https:\/\/mathplus.tourmu.fr\/wp-content\/uploads\/2026\/01\/1_2nde_Pourcentages_evolutions_cours_complete-1.pdf\" class=\"wp-block-file__button wp-element-button\" download aria-describedby=\"wp-block-file--media-d1b8f57a-a047-45ab-bb42-f819b7206d3d\">T\u00e9l\u00e9charger<\/a><\/div>\n\n\n\n<div data-wp-interactive=\"core\/file\" class=\"wp-block-file\"><object data-wp-bind--hidden=\"!state.hasPdfPreview\" hidden class=\"wp-block-file__embed\" data=\"https:\/\/mathplus.tourmu.fr\/wp-content\/uploads\/2026\/01\/1_2nde_Pourcentages_evolutions_cours_eleve_2526-1.pdf\" type=\"application\/pdf\" style=\"width:100%;height:200px\" aria-label=\"Contenu embarqu\u00e9 Ch6 Pourcentages et \u00e9volutions cours \u00e9l\u00e8ve.\"><\/object><a id=\"wp-block-file--media-d6af9441-35a7-4d37-b45a-01f0492b345c\" href=\"https:\/\/mathplus.tourmu.fr\/wp-content\/uploads\/2026\/01\/1_2nde_Pourcentages_evolutions_cours_eleve_2526-1.pdf\">Ch6 Pourcentages et \u00e9volutions cours \u00e9l\u00e8ve<\/a><a href=\"https:\/\/mathplus.tourmu.fr\/wp-content\/uploads\/2026\/01\/1_2nde_Pourcentages_evolutions_cours_eleve_2526-1.pdf\" class=\"wp-block-file__button wp-element-button\" download aria-describedby=\"wp-block-file--media-d6af9441-35a7-4d37-b45a-01f0492b345c\">T\u00e9l\u00e9charger<\/a><\/div>\n\n\n\n<div data-wp-interactive=\"core\/file\" class=\"wp-block-file\"><object data-wp-bind--hidden=\"!state.hasPdfPreview\" hidden class=\"wp-block-file__embed\" data=\"https:\/\/mathplus.tourmu.fr\/wp-content\/uploads\/2026\/01\/Ch5-Vecteurs-et-coordonnees-cours-prof-2025-2026-1.pdf\" type=\"application\/pdf\" style=\"width:100%;height:200px\" aria-label=\"Contenu embarqu\u00e9 Ch5 Vecteurs et coordonn\u00e9es cours compl\u00e9t\u00e9.\"><\/object><a id=\"wp-block-file--media-4b5a0514-002e-48ca-88c5-c030d3651905\" href=\"https:\/\/mathplus.tourmu.fr\/wp-content\/uploads\/2026\/01\/Ch5-Vecteurs-et-coordonnees-cours-prof-2025-2026-1.pdf\">Ch5 Vecteurs et coordonn\u00e9es cours compl\u00e9t\u00e9<\/a><a href=\"https:\/\/mathplus.tourmu.fr\/wp-content\/uploads\/2026\/01\/Ch5-Vecteurs-et-coordonnees-cours-prof-2025-2026-1.pdf\" class=\"wp-block-file__button wp-element-button\" download aria-describedby=\"wp-block-file--media-4b5a0514-002e-48ca-88c5-c030d3651905\">T\u00e9l\u00e9charger<\/a><\/div>\n\n\n\n<div data-wp-interactive=\"core\/file\" class=\"wp-block-file\"><object data-wp-bind--hidden=\"!state.hasPdfPreview\" hidden class=\"wp-block-file__embed\" data=\"https:\/\/mathplus.tourmu.fr\/wp-content\/uploads\/2025\/12\/1_2nde_Ch4_Les_fonctions_affines_prof_2526-1.pdf\" type=\"application\/pdf\" style=\"width:100%;height:200px\" aria-label=\"Contenu embarqu\u00e9 Ch4 Les fonctions affines cours compl\u00e9t\u00e9.\"><\/object><a id=\"wp-block-file--media-28a22911-aef4-4c1a-a949-1306f3261892\" href=\"https:\/\/mathplus.tourmu.fr\/wp-content\/uploads\/2025\/12\/1_2nde_Ch4_Les_fonctions_affines_prof_2526-1.pdf\">Ch4 Les fonctions affines cours compl\u00e9t\u00e9<\/a><a href=\"https:\/\/mathplus.tourmu.fr\/wp-content\/uploads\/2025\/12\/1_2nde_Ch4_Les_fonctions_affines_prof_2526-1.pdf\" class=\"wp-block-file__button wp-element-button\" download aria-describedby=\"wp-block-file--media-28a22911-aef4-4c1a-a949-1306f3261892\">T\u00e9l\u00e9charger<\/a><\/div>\n\n\n\n<div data-wp-interactive=\"core\/file\" class=\"wp-block-file\"><object data-wp-bind--hidden=\"!state.hasPdfPreview\" hidden class=\"wp-block-file__embed\" data=\"https:\/\/mathplus.tourmu.fr\/wp-content\/uploads\/2025\/11\/1_2nde_Ch4_Les_fonctions_affines_eleve_2526-1.pdf\" type=\"application\/pdf\" style=\"width:100%;height:200px\" aria-label=\"Contenu embarqu\u00e9 Ch4 Les fonctions affines cours \u00e9l\u00e8ve .\"><\/object><a id=\"wp-block-file--media-b63d5698-075d-468e-8308-6f7b4b8dd042\" href=\"https:\/\/mathplus.tourmu.fr\/wp-content\/uploads\/2025\/11\/1_2nde_Ch4_Les_fonctions_affines_eleve_2526-1.pdf\">Ch4 Les fonctions affines cours \u00e9l\u00e8ve <\/a><a href=\"https:\/\/mathplus.tourmu.fr\/wp-content\/uploads\/2025\/11\/1_2nde_Ch4_Les_fonctions_affines_eleve_2526-1.pdf\" class=\"wp-block-file__button wp-element-button\" download aria-describedby=\"wp-block-file--media-b63d5698-075d-468e-8308-6f7b4b8dd042\">T\u00e9l\u00e9charger<\/a><\/div>\n\n\n\n<div data-wp-interactive=\"core\/file\" class=\"wp-block-file\"><object data-wp-bind--hidden=\"!state.hasPdfPreview\" hidden class=\"wp-block-file__embed\" data=\"https:\/\/mathplus.tourmu.fr\/wp-content\/uploads\/2025\/11\/1-Ch3-Vecteurs-et-translations-prof-2526-1.pdf\" type=\"application\/pdf\" style=\"width:100%;height:200px\" aria-label=\"Contenu embarqu\u00e9 Ch3 Vecteurs et translations cours compl\u00e9t\u00e9.\"><\/object><a id=\"wp-block-file--media-f0eecf58-1964-4c8e-9ea7-23c6b2a8f0e4\" href=\"https:\/\/mathplus.tourmu.fr\/wp-content\/uploads\/2025\/11\/1-Ch3-Vecteurs-et-translations-prof-2526-1.pdf\">Ch3 Vecteurs et translations cours compl\u00e9t\u00e9<\/a><a href=\"https:\/\/mathplus.tourmu.fr\/wp-content\/uploads\/2025\/11\/1-Ch3-Vecteurs-et-translations-prof-2526-1.pdf\" class=\"wp-block-file__button wp-element-button\" download aria-describedby=\"wp-block-file--media-f0eecf58-1964-4c8e-9ea7-23c6b2a8f0e4\">T\u00e9l\u00e9charger<\/a><\/div>\n\n\n\n<div data-wp-interactive=\"core\/file\" class=\"wp-block-file\"><object data-wp-bind--hidden=\"!state.hasPdfPreview\" hidden class=\"wp-block-file__embed\" data=\"https:\/\/mathplus.tourmu.fr\/wp-content\/uploads\/2025\/11\/1-Ch3-Vecteurs-et-translations-eleve-2526-1.pdf\" type=\"application\/pdf\" style=\"width:100%;height:200px\" aria-label=\"Contenu embarqu\u00e9 Ch3 Vecteurs et translations cours \u00e9l\u00e8ve .\"><\/object><a id=\"wp-block-file--media-326c817d-2752-41c1-ad35-4639bfd4b78b\" href=\"https:\/\/mathplus.tourmu.fr\/wp-content\/uploads\/2025\/11\/1-Ch3-Vecteurs-et-translations-eleve-2526-1.pdf\">Ch3 Vecteurs et translations cours \u00e9l\u00e8ve <\/a><a href=\"https:\/\/mathplus.tourmu.fr\/wp-content\/uploads\/2025\/11\/1-Ch3-Vecteurs-et-translations-eleve-2526-1.pdf\" class=\"wp-block-file__button wp-element-button\" download aria-describedby=\"wp-block-file--media-326c817d-2752-41c1-ad35-4639bfd4b78b\">T\u00e9l\u00e9charger<\/a><\/div>\n\n\n\n<div data-wp-interactive=\"core\/file\" class=\"wp-block-file\"><object data-wp-bind--hidden=\"!state.hasPdfPreview\" hidden class=\"wp-block-file__embed\" data=\"https:\/\/mathplus.tourmu.fr\/wp-content\/uploads\/2025\/10\/1_Ch2-Generalites-sur-les-fct-cours-prof-2526-1.pdf\" type=\"application\/pdf\" style=\"width:100%;height:200px\" aria-label=\"Contenu embarqu\u00e9 Ch2 G\u00e9n\u00e9ralit\u00e9s sur les fonctions cours compl\u00e9t\u00e9.\"><\/object><a id=\"wp-block-file--media-ffa0db47-fa2e-4e4a-a3f8-b8d5f3303b76\" href=\"https:\/\/mathplus.tourmu.fr\/wp-content\/uploads\/2025\/10\/1_Ch2-Generalites-sur-les-fct-cours-prof-2526-1.pdf\">Ch2 G\u00e9n\u00e9ralit\u00e9s sur les fonctions cours compl\u00e9t\u00e9<\/a><a href=\"https:\/\/mathplus.tourmu.fr\/wp-content\/uploads\/2025\/10\/1_Ch2-Generalites-sur-les-fct-cours-prof-2526-1.pdf\" class=\"wp-block-file__button wp-element-button\" download aria-describedby=\"wp-block-file--media-ffa0db47-fa2e-4e4a-a3f8-b8d5f3303b76\">T\u00e9l\u00e9charger<\/a><\/div>\n\n\n\n<div data-wp-interactive=\"core\/file\" class=\"wp-block-file\"><object data-wp-bind--hidden=\"!state.hasPdfPreview\" hidden class=\"wp-block-file__embed\" data=\"https:\/\/mathplus.tourmu.fr\/wp-content\/uploads\/2025\/10\/1_Ch2-Generalites-sur-les-fct-cours-eleve-2526-1.pdf\" type=\"application\/pdf\" style=\"width:100%;height:200px\" aria-label=\"Contenu embarqu\u00e9 Ch2 G\u00e9n\u00e9ralit\u00e9s sur les fonctions cours \u00e9l\u00e8ve.\"><\/object><a id=\"wp-block-file--media-d233007d-9aaf-481e-b1e3-66b22003368c\" href=\"https:\/\/mathplus.tourmu.fr\/wp-content\/uploads\/2025\/10\/1_Ch2-Generalites-sur-les-fct-cours-eleve-2526-1.pdf\">Ch2 G\u00e9n\u00e9ralit\u00e9s sur les fonctions cours \u00e9l\u00e8ve<\/a><a href=\"https:\/\/mathplus.tourmu.fr\/wp-content\/uploads\/2025\/10\/1_Ch2-Generalites-sur-les-fct-cours-eleve-2526-1.pdf\" class=\"wp-block-file__button wp-element-button\" download aria-describedby=\"wp-block-file--media-d233007d-9aaf-481e-b1e3-66b22003368c\">T\u00e9l\u00e9charger<\/a><\/div>\n\n\n\n<div data-wp-interactive=\"core\/file\" class=\"wp-block-file\"><object data-wp-bind--hidden=\"!state.hasPdfPreview\" hidden class=\"wp-block-file__embed\" data=\"https:\/\/mathplus.tourmu.fr\/wp-content\/uploads\/2025\/09\/Chapitre1-Ensembles-de-nombres_Arithmetique_Intervalles_cours_complete-1.pdf\" type=\"application\/pdf\" style=\"width:100%;height:200px\" aria-label=\"Contenu embarqu\u00e9 Chapitre1 Ensembles de nombres_Arithmetique_Intervalles_cours_compl\u00e9t\u00e9.\"><\/object><a id=\"wp-block-file--media-063d2742-5525-4c21-9077-d2fd59c2c87a\" href=\"https:\/\/mathplus.tourmu.fr\/wp-content\/uploads\/2025\/09\/Chapitre1-Ensembles-de-nombres_Arithmetique_Intervalles_cours_complete-1.pdf\">Chapitre1 Ensembles de nombres_Arithmetique_Intervalles_cours_compl\u00e9t\u00e9<\/a><a href=\"https:\/\/mathplus.tourmu.fr\/wp-content\/uploads\/2025\/09\/Chapitre1-Ensembles-de-nombres_Arithmetique_Intervalles_cours_complete-1.pdf\" class=\"wp-block-file__button wp-element-button\" download aria-describedby=\"wp-block-file--media-063d2742-5525-4c21-9077-d2fd59c2c87a\">T\u00e9l\u00e9charger<\/a><\/div>\n\n\n\n<div data-wp-interactive=\"core\/file\" class=\"wp-block-file\"><object data-wp-bind--hidden=\"!state.hasPdfPreview\" hidden class=\"wp-block-file__embed\" data=\"https:\/\/mathplus.tourmu.fr\/wp-content\/uploads\/2025\/09\/1_Ch1-Ens-nb_Intervalles_Arithmetique_eleve_2526-2.pdf\" type=\"application\/pdf\" style=\"width:100%;height:200px\" aria-label=\"Contenu embarqu\u00e9 Chapitre1 Ensembles de nombres_Arithmetique_Intervalles_cours_\u00e9l\u00e8ve.\"><\/object><a id=\"wp-block-file--media-7691ae65-0692-4fd4-acfd-317597750586\" href=\"https:\/\/mathplus.tourmu.fr\/wp-content\/uploads\/2025\/09\/1_Ch1-Ens-nb_Intervalles_Arithmetique_eleve_2526-2.pdf\">Chapitre1 Ensembles de nombres_Arithmetique_Intervalles_cours_\u00e9l\u00e8ve<\/a><a href=\"https:\/\/mathplus.tourmu.fr\/wp-content\/uploads\/2025\/09\/1_Ch1-Ens-nb_Intervalles_Arithmetique_eleve_2526-2.pdf\" class=\"wp-block-file__button wp-element-button\" download aria-describedby=\"wp-block-file--media-7691ae65-0692-4fd4-acfd-317597750586\">T\u00e9l\u00e9charger<\/a><\/div>\n","protected":false},"excerpt":{"rendered":"","protected":false},"author":1,"featured_media":0,"parent":15,"menu_order":1,"comment_status":"closed","ping_status":"closed","template":"","meta":{"footnotes":""},"class_list":["post-306","page","type-page","status-publish","hentry"],"_links":{"self":[{"href":"https:\/\/mathplus.tourmu.fr\/index.php?rest_route=\/wp\/v2\/pages\/306","targetHints":{"allow":["GET"]}}],"collection":[{"href":"https:\/\/mathplus.tourmu.fr\/index.php?rest_route=\/wp\/v2\/pages"}],"about":[{"href":"https:\/\/mathplus.tourmu.fr\/index.php?rest_route=\/wp\/v2\/types\/page"}],"author":[{"embeddable":true,"href":"https:\/\/mathplus.tourmu.fr\/index.php?rest_route=\/wp\/v2\/users\/1"}],"replies":[{"embeddable":true,"href":"https:\/\/mathplus.tourmu.fr\/index.php?rest_route=%2Fwp%2Fv2%2Fcomments&post=306"}],"version-history":[{"count":167,"href":"https:\/\/mathplus.tourmu.fr\/index.php?rest_route=\/wp\/v2\/pages\/306\/revisions"}],"predecessor-version":[{"id":5471,"href":"https:\/\/mathplus.tourmu.fr\/index.php?rest_route=\/wp\/v2\/pages\/306\/revisions\/5471"}],"up":[{"embeddable":true,"href":"https:\/\/mathplus.tourmu.fr\/index.php?rest_route=\/wp\/v2\/pages\/15"}],"wp:attachment":[{"href":"https:\/\/mathplus.tourmu.fr\/index.php?rest_route=%2Fwp%2Fv2%2Fmedia&parent=306"}],"curies":[{"name":"wp","href":"https:\/\/api.w.org\/{rel}","templated":true}]}}