{"id":2166,"date":"2021-09-13T17:29:52","date_gmt":"2021-09-13T15:29:52","guid":{"rendered":"http:\/\/mathplus.tourmu.fr\/?page_id=2166"},"modified":"2025-11-18T11:18:25","modified_gmt":"2025-11-18T10:18:25","slug":"fiches-de-groupes-1stmg","status":"publish","type":"page","link":"https:\/\/mathplus.tourmu.fr\/?page_id=2166","title":{"rendered":"Fiches de groupes     1STMG 3"},"content":{"rendered":"\n<div data-wp-interactive=\"core\/file\" class=\"wp-block-file\"><object data-wp-bind--hidden=\"!state.hasPdfPreview\" hidden class=\"wp-block-file__embed\" data=\"https:\/\/mathplus.tourmu.fr\/wp-content\/uploads\/2025\/11\/S2-F2-Fonctions-affines.pdf\" type=\"application\/pdf\" style=\"width:100%;height:200px\" aria-label=\"Contenu embarqu\u00e9 S2 F2  Fonctions affines.\"><\/object><a id=\"wp-block-file--media-f1f9b79c-807d-417f-8c17-ee8d8e26481d\" href=\"https:\/\/mathplus.tourmu.fr\/wp-content\/uploads\/2025\/11\/S2-F2-Fonctions-affines.pdf\">S2 F2  Fonctions affines<\/a><a href=\"https:\/\/mathplus.tourmu.fr\/wp-content\/uploads\/2025\/11\/S2-F2-Fonctions-affines.pdf\" class=\"wp-block-file__button wp-element-button\" download aria-describedby=\"wp-block-file--media-f1f9b79c-807d-417f-8c17-ee8d8e26481d\">T\u00e9l\u00e9charger<\/a><\/div>\n\n\n\n<div data-wp-interactive=\"core\/file\" class=\"wp-block-file\"><object data-wp-bind--hidden=\"!state.hasPdfPreview\" hidden class=\"wp-block-file__embed\" data=\"https:\/\/mathplus.tourmu.fr\/wp-content\/uploads\/2025\/11\/S2-F1-Generalites-sur-les-fonctions.pdf\" type=\"application\/pdf\" style=\"width:100%;height:200px\" aria-label=\"Contenu embarqu\u00e9 S2 F1  G\u00e9n\u00e9ralit\u00e9s sur les fonctions.\"><\/object><a id=\"wp-block-file--media-96e97f65-b63d-4e24-aeca-fe7fffd7fd41\" href=\"https:\/\/mathplus.tourmu.fr\/wp-content\/uploads\/2025\/11\/S2-F1-Generalites-sur-les-fonctions.pdf\">S2 F1  G\u00e9n\u00e9ralit\u00e9s sur les fonctions<\/a><a href=\"https:\/\/mathplus.tourmu.fr\/wp-content\/uploads\/2025\/11\/S2-F1-Generalites-sur-les-fonctions.pdf\" class=\"wp-block-file__button wp-element-button\" download aria-describedby=\"wp-block-file--media-96e97f65-b63d-4e24-aeca-fe7fffd7fd41\">T\u00e9l\u00e9charger<\/a><\/div>\n\n\n\n<div data-wp-interactive=\"core\/file\" class=\"wp-block-file\"><object data-wp-bind--hidden=\"!state.hasPdfPreview\" hidden class=\"wp-block-file__embed\" data=\"https:\/\/mathplus.tourmu.fr\/wp-content\/uploads\/2025\/10\/S1_F3-Les-Suites.pdf\" type=\"application\/pdf\" style=\"width:100%;height:200px\" aria-label=\"Contenu embarqu\u00e9 S1F3 Les Suites.\"><\/object><a id=\"wp-block-file--media-4d679f06-c649-474d-a389-ef70912f23a9\" href=\"https:\/\/mathplus.tourmu.fr\/wp-content\/uploads\/2025\/10\/S1_F3-Les-Suites.pdf\">S1F3 Les Suites<\/a><a href=\"https:\/\/mathplus.tourmu.fr\/wp-content\/uploads\/2025\/10\/S1_F3-Les-Suites.pdf\" class=\"wp-block-file__button wp-element-button\" download aria-describedby=\"wp-block-file--media-4d679f06-c649-474d-a389-ef70912f23a9\">T\u00e9l\u00e9charger<\/a><\/div>\n\n\n\n<div data-wp-interactive=\"core\/file\" class=\"wp-block-file\"><object data-wp-bind--hidden=\"!state.hasPdfPreview\" hidden class=\"wp-block-file__embed\" data=\"https:\/\/mathplus.tourmu.fr\/wp-content\/uploads\/2025\/09\/S1_F2_Produits-et-quotients-de-fractions-2.pdf\" type=\"application\/pdf\" style=\"width:100%;height:200px\" aria-label=\"Contenu embarqu\u00e9 S1F2 Produits et quotients de fractions.\"><\/object><a id=\"wp-block-file--media-f4a66e83-5598-40be-9daa-f5ab33fd3974\" href=\"https:\/\/mathplus.tourmu.fr\/wp-content\/uploads\/2025\/09\/S1_F2_Produits-et-quotients-de-fractions-2.pdf\">S1F2 Produits et quotients de fractions<\/a><a href=\"https:\/\/mathplus.tourmu.fr\/wp-content\/uploads\/2025\/09\/S1_F2_Produits-et-quotients-de-fractions-2.pdf\" class=\"wp-block-file__button wp-element-button\" download aria-describedby=\"wp-block-file--media-f4a66e83-5598-40be-9daa-f5ab33fd3974\">T\u00e9l\u00e9charger<\/a><\/div>\n\n\n\n<div data-wp-interactive=\"core\/file\" class=\"wp-block-file\"><object data-wp-bind--hidden=\"!state.hasPdfPreview\" hidden class=\"wp-block-file__embed\" data=\"https:\/\/mathplus.tourmu.fr\/wp-content\/uploads\/2025\/09\/S1_F1_Nombres-relatifs-Sommes-et-differences-de-fractions-2.pdf\" type=\"application\/pdf\" style=\"width:100%;height:200px\" aria-label=\"Contenu embarqu\u00e9 S1F1 Nombres relatifs Sommes et diff\u00e9rences de fractions.\"><\/object><a id=\"wp-block-file--media-d139fbb7-d756-4054-b851-9abd18572c94\" href=\"https:\/\/mathplus.tourmu.fr\/wp-content\/uploads\/2025\/09\/S1_F1_Nombres-relatifs-Sommes-et-differences-de-fractions-2.pdf\">S1F1 Nombres relatifs Sommes et diff\u00e9rences de fractions<\/a><a href=\"https:\/\/mathplus.tourmu.fr\/wp-content\/uploads\/2025\/09\/S1_F1_Nombres-relatifs-Sommes-et-differences-de-fractions-2.pdf\" class=\"wp-block-file__button wp-element-button\" download aria-describedby=\"wp-block-file--media-d139fbb7-d756-4054-b851-9abd18572c94\">T\u00e9l\u00e9charger<\/a><\/div>\n","protected":false},"excerpt":{"rendered":"","protected":false},"author":1,"featured_media":0,"parent":379,"menu_order":1,"comment_status":"closed","ping_status":"closed","template":"","meta":{"footnotes":""},"class_list":["post-2166","page","type-page","status-publish","hentry"],"_links":{"self":[{"href":"https:\/\/mathplus.tourmu.fr\/index.php?rest_route=\/wp\/v2\/pages\/2166","targetHints":{"allow":["GET"]}}],"collection":[{"href":"https:\/\/mathplus.tourmu.fr\/index.php?rest_route=\/wp\/v2\/pages"}],"about":[{"href":"https:\/\/mathplus.tourmu.fr\/index.php?rest_route=\/wp\/v2\/types\/page"}],"author":[{"embeddable":true,"href":"https:\/\/mathplus.tourmu.fr\/index.php?rest_route=\/wp\/v2\/users\/1"}],"replies":[{"embeddable":true,"href":"https:\/\/mathplus.tourmu.fr\/index.php?rest_route=%2Fwp%2Fv2%2Fcomments&post=2166"}],"version-history":[{"count":51,"href":"https:\/\/mathplus.tourmu.fr\/index.php?rest_route=\/wp\/v2\/pages\/2166\/revisions"}],"predecessor-version":[{"id":5211,"href":"https:\/\/mathplus.tourmu.fr\/index.php?rest_route=\/wp\/v2\/pages\/2166\/revisions\/5211"}],"up":[{"embeddable":true,"href":"https:\/\/mathplus.tourmu.fr\/index.php?rest_route=\/wp\/v2\/pages\/379"}],"wp:attachment":[{"href":"https:\/\/mathplus.tourmu.fr\/index.php?rest_route=%2Fwp%2Fv2%2Fmedia&parent=2166"}],"curies":[{"name":"wp","href":"https:\/\/api.w.org\/{rel}","templated":true}]}}