{"id":2090,"date":"2021-08-30T18:29:39","date_gmt":"2021-08-30T16:29:39","guid":{"rendered":"http:\/\/mathplus.tourmu.fr\/?page_id=2090"},"modified":"2026-03-09T19:03:51","modified_gmt":"2026-03-09T18:03:51","slug":"fiche-dexercices-2nde-13","status":"publish","type":"page","link":"https:\/\/mathplus.tourmu.fr\/?page_id=2090","title":{"rendered":"Fiches d&rsquo;exercices donn\u00e9es en classe 2nde 4"},"content":{"rendered":"\n<div data-wp-interactive=\"core\/file\" class=\"wp-block-file\"><object data-wp-bind--hidden=\"!state.hasPdfPreview\" hidden class=\"wp-block-file__embed\" data=\"https:\/\/mathplus.tourmu.fr\/wp-content\/uploads\/2026\/03\/Fiche-dexercices-Racines-carrees.pdf\" type=\"application\/pdf\" style=\"width:100%;height:200px\" aria-label=\"Contenu embarqu\u00e9 Fiche d&apos;exercices Racines carrees.\"><\/object><a id=\"wp-block-file--media-aa137ab1-89f7-4fe6-a485-72cec27c6921\" href=\"https:\/\/mathplus.tourmu.fr\/wp-content\/uploads\/2026\/03\/Fiche-dexercices-Racines-carrees.pdf\">Fiche d&rsquo;exercices Racines carrees<\/a><a href=\"https:\/\/mathplus.tourmu.fr\/wp-content\/uploads\/2026\/03\/Fiche-dexercices-Racines-carrees.pdf\" class=\"wp-block-file__button wp-element-button\" download aria-describedby=\"wp-block-file--media-aa137ab1-89f7-4fe6-a485-72cec27c6921\">T\u00e9l\u00e9charger<\/a><\/div>\n\n\n\n<div data-wp-interactive=\"core\/file\" class=\"wp-block-file\"><object data-wp-bind--hidden=\"!state.hasPdfPreview\" hidden class=\"wp-block-file__embed\" data=\"https:\/\/mathplus.tourmu.fr\/wp-content\/uploads\/2026\/01\/Sequence-3-Fiche-2-Factorisations.pdf\" type=\"application\/pdf\" style=\"width:100%;height:200px\" aria-label=\"Contenu embarqu\u00e9 S\u00e9quence 3 Fiche 2  Factorisations Identit\u00e9s remarquables.\"><\/object><a id=\"wp-block-file--media-250fa907-e4fb-4b09-8928-6463f0e9f982\" href=\"https:\/\/mathplus.tourmu.fr\/wp-content\/uploads\/2026\/01\/Sequence-3-Fiche-2-Factorisations.pdf\">S\u00e9quence 3 Fiche 2  Factorisations Identit\u00e9s remarquables<\/a><a href=\"https:\/\/mathplus.tourmu.fr\/wp-content\/uploads\/2026\/01\/Sequence-3-Fiche-2-Factorisations.pdf\" class=\"wp-block-file__button wp-element-button\" download aria-describedby=\"wp-block-file--media-250fa907-e4fb-4b09-8928-6463f0e9f982\">T\u00e9l\u00e9charger<\/a><\/div>\n\n\n\n<div data-wp-interactive=\"core\/file\" class=\"wp-block-file\"><object data-wp-bind--hidden=\"!state.hasPdfPreview\" hidden class=\"wp-block-file__embed\" data=\"https:\/\/mathplus.tourmu.fr\/wp-content\/uploads\/2026\/01\/S2-F4-Factorisations-1-Jeudi-9-Dec.pdf\" type=\"application\/pdf\" style=\"width:100%;height:200px\" aria-label=\"Contenu embarqu\u00e9 S2 F4 Factorisations.\"><\/object><a id=\"wp-block-file--media-a0ce699f-b153-4efb-a0de-be22b192c190\" href=\"https:\/\/mathplus.tourmu.fr\/wp-content\/uploads\/2026\/01\/S2-F4-Factorisations-1-Jeudi-9-Dec.pdf\">S2 F4 Factorisations<\/a><a href=\"https:\/\/mathplus.tourmu.fr\/wp-content\/uploads\/2026\/01\/S2-F4-Factorisations-1-Jeudi-9-Dec.pdf\" class=\"wp-block-file__button wp-element-button\" download aria-describedby=\"wp-block-file--media-a0ce699f-b153-4efb-a0de-be22b192c190\">T\u00e9l\u00e9charger<\/a><\/div>\n\n\n\n<div data-wp-interactive=\"core\/file\" class=\"wp-block-file\"><object data-wp-bind--hidden=\"!state.hasPdfPreview\" hidden class=\"wp-block-file__embed\" data=\"https:\/\/mathplus.tourmu.fr\/wp-content\/uploads\/2026\/01\/S2-F2-Identites-remarquables-Jeudi-25-Nov.pdf\" type=\"application\/pdf\" style=\"width:100%;height:200px\" aria-label=\"Contenu embarqu\u00e9 S2 F2 D\u00e9veloppements Identit\u00e9s remarquables.\"><\/object><a id=\"wp-block-file--media-1b19fe52-b674-478c-82d9-76277577ec4b\" href=\"https:\/\/mathplus.tourmu.fr\/wp-content\/uploads\/2026\/01\/S2-F2-Identites-remarquables-Jeudi-25-Nov.pdf\">S2 F2 D\u00e9veloppements Identit\u00e9s remarquables<\/a><a href=\"https:\/\/mathplus.tourmu.fr\/wp-content\/uploads\/2026\/01\/S2-F2-Identites-remarquables-Jeudi-25-Nov.pdf\" class=\"wp-block-file__button wp-element-button\" download aria-describedby=\"wp-block-file--media-1b19fe52-b674-478c-82d9-76277577ec4b\">T\u00e9l\u00e9charger<\/a><\/div>\n\n\n\n<div data-wp-interactive=\"core\/file\" class=\"wp-block-file\"><object data-wp-bind--hidden=\"!state.hasPdfPreview\" hidden class=\"wp-block-file__embed\" data=\"https:\/\/mathplus.tourmu.fr\/wp-content\/uploads\/2026\/01\/S2-F1-Developpements-Jeudi-18-Nov.pdf\" type=\"application\/pdf\" style=\"width:100%;height:200px\" aria-label=\"Contenu embarqu\u00e9 S2 F1 D\u00e9veloppements.\"><\/object><a id=\"wp-block-file--media-84ce4b52-d92a-49ce-a1ee-ed9b508fdeee\" href=\"https:\/\/mathplus.tourmu.fr\/wp-content\/uploads\/2026\/01\/S2-F1-Developpements-Jeudi-18-Nov.pdf\">S2 F1 D\u00e9veloppements<\/a><a href=\"https:\/\/mathplus.tourmu.fr\/wp-content\/uploads\/2026\/01\/S2-F1-Developpements-Jeudi-18-Nov.pdf\" class=\"wp-block-file__button wp-element-button\" download aria-describedby=\"wp-block-file--media-84ce4b52-d92a-49ce-a1ee-ed9b508fdeee\">T\u00e9l\u00e9charger<\/a><\/div>\n\n\n\n<div data-wp-interactive=\"core\/file\" class=\"wp-block-file\"><object data-wp-bind--hidden=\"!state.hasPdfPreview\" hidden class=\"wp-block-file__embed\" data=\"https:\/\/mathplus.tourmu.fr\/wp-content\/uploads\/2025\/11\/2nde_Fiche_exercices_revisions_vecteurs_2122.pdf\" type=\"application\/pdf\" style=\"width:100%;height:200px\" aria-label=\"Contenu embarqu\u00e9 2nde Fiche exercices r\u00e9visions vecteurs.\"><\/object><a id=\"wp-block-file--media-437bf4d3-3b38-4938-8b1f-24b8434dec9b\" href=\"https:\/\/mathplus.tourmu.fr\/wp-content\/uploads\/2025\/11\/2nde_Fiche_exercices_revisions_vecteurs_2122.pdf\">2nde Fiche exercices r\u00e9visions vecteurs<\/a><a href=\"https:\/\/mathplus.tourmu.fr\/wp-content\/uploads\/2025\/11\/2nde_Fiche_exercices_revisions_vecteurs_2122.pdf\" class=\"wp-block-file__button wp-element-button\" download aria-describedby=\"wp-block-file--media-437bf4d3-3b38-4938-8b1f-24b8434dec9b\">T\u00e9l\u00e9charger<\/a><\/div>\n\n\n\n<div data-wp-interactive=\"core\/file\" class=\"wp-block-file\"><object data-wp-bind--hidden=\"!state.hasPdfPreview\" hidden class=\"wp-block-file__embed\" data=\"https:\/\/mathplus.tourmu.fr\/wp-content\/uploads\/2025\/10\/2nde-Fiche-exercices-fonctions-2526-enonce-corrige.pdf\" type=\"application\/pdf\" style=\"width:100%;height:200px\" aria-label=\"Contenu embarqu\u00e9 2nde Fiche exercices fonctions  \u00e9nonc\u00e9 + corrig\u00e9.\"><\/object><a id=\"wp-block-file--media-e1f1c49a-45c9-463c-8815-da43366dfac9\" href=\"https:\/\/mathplus.tourmu.fr\/wp-content\/uploads\/2025\/10\/2nde-Fiche-exercices-fonctions-2526-enonce-corrige.pdf\">2nde Fiche exercices fonctions  \u00e9nonc\u00e9 + corrig\u00e9<\/a><a href=\"https:\/\/mathplus.tourmu.fr\/wp-content\/uploads\/2025\/10\/2nde-Fiche-exercices-fonctions-2526-enonce-corrige.pdf\" class=\"wp-block-file__button wp-element-button\" download aria-describedby=\"wp-block-file--media-e1f1c49a-45c9-463c-8815-da43366dfac9\">T\u00e9l\u00e9charger<\/a><\/div>\n\n\n\n<div data-wp-interactive=\"core\/file\" class=\"wp-block-file\"><object data-wp-bind--hidden=\"!state.hasPdfPreview\" hidden class=\"wp-block-file__embed\" data=\"https:\/\/mathplus.tourmu.fr\/wp-content\/uploads\/2025\/09\/Exos-de-revision-niveau-college.pdf\" type=\"application\/pdf\" style=\"width:100%;height:200px\" aria-label=\"Contenu embarqu\u00e9 Fiche d&apos;exercices &quot; Pour reprendre contact &quot; niveau coll\u00e8ge.\"><\/object><a id=\"wp-block-file--media-366063c8-53e3-459b-bb22-18dfd06f9fc5\" href=\"https:\/\/mathplus.tourmu.fr\/wp-content\/uploads\/2025\/09\/Exos-de-revision-niveau-college.pdf\">Fiche d&rsquo;exercices \u00a0\u00bb Pour reprendre contact \u00a0\u00bb niveau coll\u00e8ge<\/a><a href=\"https:\/\/mathplus.tourmu.fr\/wp-content\/uploads\/2025\/09\/Exos-de-revision-niveau-college.pdf\" class=\"wp-block-file__button wp-element-button\" download aria-describedby=\"wp-block-file--media-366063c8-53e3-459b-bb22-18dfd06f9fc5\">T\u00e9l\u00e9charger<\/a><\/div>\n","protected":false},"excerpt":{"rendered":"","protected":false},"author":1,"featured_media":0,"parent":397,"menu_order":1,"comment_status":"closed","ping_status":"closed","template":"","meta":{"footnotes":""},"class_list":["post-2090","page","type-page","status-publish","hentry"],"_links":{"self":[{"href":"https:\/\/mathplus.tourmu.fr\/index.php?rest_route=\/wp\/v2\/pages\/2090","targetHints":{"allow":["GET"]}}],"collection":[{"href":"https:\/\/mathplus.tourmu.fr\/index.php?rest_route=\/wp\/v2\/pages"}],"about":[{"href":"https:\/\/mathplus.tourmu.fr\/index.php?rest_route=\/wp\/v2\/types\/page"}],"author":[{"embeddable":true,"href":"https:\/\/mathplus.tourmu.fr\/index.php?rest_route=\/wp\/v2\/users\/1"}],"replies":[{"embeddable":true,"href":"https:\/\/mathplus.tourmu.fr\/index.php?rest_route=%2Fwp%2Fv2%2Fcomments&post=2090"}],"version-history":[{"count":32,"href":"https:\/\/mathplus.tourmu.fr\/index.php?rest_route=\/wp\/v2\/pages\/2090\/revisions"}],"predecessor-version":[{"id":5423,"href":"https:\/\/mathplus.tourmu.fr\/index.php?rest_route=\/wp\/v2\/pages\/2090\/revisions\/5423"}],"up":[{"embeddable":true,"href":"https:\/\/mathplus.tourmu.fr\/index.php?rest_route=\/wp\/v2\/pages\/397"}],"wp:attachment":[{"href":"https:\/\/mathplus.tourmu.fr\/index.php?rest_route=%2Fwp%2Fv2%2Fmedia&parent=2090"}],"curies":[{"name":"wp","href":"https:\/\/api.w.org\/{rel}","templated":true}]}}