{"id":1885,"date":"2021-05-03T15:21:29","date_gmt":"2021-05-03T13:21:29","guid":{"rendered":"http:\/\/mathplus.tourmu.fr\/?page_id=1885"},"modified":"2023-09-04T15:45:32","modified_gmt":"2023-09-04T13:45:32","slug":"le-grand-oral","status":"publish","type":"page","link":"https:\/\/mathplus.tourmu.fr\/?page_id=1885","title":{"rendered":"Le grand Oral"},"content":{"rendered":"\n<p><\/p>\n\n\n\n<p>Voici un lien pour vous aider \u00e0 pr\u00e9parer ce grand oral<\/p>\n\n\n\n<p><a href=\"https:\/\/view.genial.ly\/60107d7e4e7f380d0505928a\">Grand Oral version \u00e9l\u00e8ves par celia.bot sur Genially<\/a><\/p>\n\n\n\n<div class=\"wp-block-file\"><a href=\"http:\/\/mathplus.tourmu.fr\/wp-content\/uploads\/2021\/05\/Grand-Oral-Un-carnet-pour-classer-mon-travail.pdf\">Grand Oral Un carnet pour classer mon travail<\/a><a href=\"http:\/\/mathplus.tourmu.fr\/wp-content\/uploads\/2021\/05\/Grand-Oral-Un-carnet-pour-classer-mon-travail.pdf\" class=\"wp-block-file__button\" download>T\u00e9l\u00e9charger<\/a><\/div>\n\n\n\n<p>Un lien pour pr\u00e9parer votre prestation orale <\/p>\n\n\n\n<p><a href=\"https:\/\/www.lumni.fr\/programme\/les-petits-tutos-du-grand-oral\">Les petits tutos du Grand oral &#8211; Vid\u00e9os | Lumni<\/a><\/p>\n\n\n\n<div class=\"wp-block-file\"><a href=\"http:\/\/mathplus.tourmu.fr\/wp-content\/uploads\/2021\/05\/Fiche-argumentation.pdf\">Fiche argumentation<br>Qu&rsquo;est ce qu&rsquo;une argumentation ? Comment argumenter ?<\/a><a href=\"http:\/\/mathplus.tourmu.fr\/wp-content\/uploads\/2021\/05\/Fiche-argumentation.pdf\" class=\"wp-block-file__button\" download>T\u00e9l\u00e9charger<\/a><\/div>\n\n\n\n<div class=\"wp-block-file\"><a href=\"http:\/\/mathplus.tourmu.fr\/wp-content\/uploads\/2021\/05\/Travailler-le-questionnement-2-1.pdf\">Travailler le questionnement<\/a><a href=\"http:\/\/mathplus.tourmu.fr\/wp-content\/uploads\/2021\/05\/Travailler-le-questionnement-2-1.pdf\" class=\"wp-block-file__button\" download>T\u00e9l\u00e9charger<\/a><\/div>\n\n\n\n<p><\/p>\n","protected":false},"excerpt":{"rendered":"<p>Voici un lien pour vous aider \u00e0 pr\u00e9parer ce grand oral Grand Oral version \u00e9l\u00e8ves par celia.bot sur Genially Un lien pour pr\u00e9parer votre prestation orale Les petits tutos du Grand oral &#8211; Vid\u00e9os | Lumni<\/p>\n","protected":false},"author":1,"featured_media":0,"parent":12,"menu_order":4,"comment_status":"closed","ping_status":"closed","template":"","meta":{"footnotes":""},"class_list":["post-1885","page","type-page","status-publish","hentry"],"_links":{"self":[{"href":"https:\/\/mathplus.tourmu.fr\/index.php?rest_route=\/wp\/v2\/pages\/1885","targetHints":{"allow":["GET"]}}],"collection":[{"href":"https:\/\/mathplus.tourmu.fr\/index.php?rest_route=\/wp\/v2\/pages"}],"about":[{"href":"https:\/\/mathplus.tourmu.fr\/index.php?rest_route=\/wp\/v2\/types\/page"}],"author":[{"embeddable":true,"href":"https:\/\/mathplus.tourmu.fr\/index.php?rest_route=\/wp\/v2\/users\/1"}],"replies":[{"embeddable":true,"href":"https:\/\/mathplus.tourmu.fr\/index.php?rest_route=%2Fwp%2Fv2%2Fcomments&post=1885"}],"version-history":[{"count":7,"href":"https:\/\/mathplus.tourmu.fr\/index.php?rest_route=\/wp\/v2\/pages\/1885\/revisions"}],"predecessor-version":[{"id":1900,"href":"https:\/\/mathplus.tourmu.fr\/index.php?rest_route=\/wp\/v2\/pages\/1885\/revisions\/1900"}],"up":[{"embeddable":true,"href":"https:\/\/mathplus.tourmu.fr\/index.php?rest_route=\/wp\/v2\/pages\/12"}],"wp:attachment":[{"href":"https:\/\/mathplus.tourmu.fr\/index.php?rest_route=%2Fwp%2Fv2%2Fmedia&parent=1885"}],"curies":[{"name":"wp","href":"https:\/\/api.w.org\/{rel}","templated":true}]}}